{"id":3620,"date":"2025-11-28T07:43:23","date_gmt":"2025-11-28T10:43:23","guid":{"rendered":"http:\/\/br606.teste.website\/~padre078\/padreeustaquio.com.br\/?page_id=3620"},"modified":"2025-11-28T07:43:23","modified_gmt":"2025-11-28T10:43:23","slug":"hogar","status":"publish","type":"page","link":"https:\/\/www.padreeustaquio.com.br\/es\/hogar\/","title":{"rendered":"Hogar"},"content":{"rendered":"","protected":false},"excerpt":{"rendered":"","protected":false},"author":6,"featured_media":0,"parent":0,"menu_order":0,"comment_status":"closed","ping_status":"closed","template":"page_builder.php","meta":{"_acf_changed":false,"footnotes":""},"class_list":["post-3620","page","type-page","status-publish","hentry"],"acf":[],"yoast_head":"<!-- This site is optimized with the Yoast SEO plugin v27.2 - https:\/\/yoast.com\/product\/yoast-seo-wordpress\/ -->\n<title>Home - Padre Eust\u00e1quio<\/title>\n<meta name=\"description\" content=\"A Vice-postula\u00e7\u00e3o, que trabalha com o processo de Canoniza\u00e7\u00e3o de Padre Eust\u00e1quio, \u00e9 uma institui\u00e7\u00e3o da igreja Cat\u00f3lica, ligada \u00e0 Postula\u00e7\u00e3o Geral da Causa e \u00e0 Congrega\u00e7\u00e3o da Causa dos Santos, (sediadas em Roma). Temos como miss\u00e3o reunir todo o material envolvendo fatos extraordin\u00e1rios atribu\u00eddos \u00e0 intercess\u00e3o do Beato Padre Eust\u00e1quio van Lieshout.Al\u00e9m de sermos respons\u00e1veis pelo processo de canoniza\u00e7\u00e3o, tamb\u00e9m temos o dever de divulgar a devo\u00e7\u00e3o ao Beato pelo Brasil e pelo mundo. Este trabalho consiste em apresentar a vida e a hist\u00f3ria deste religioso, difundindo sua venera\u00e7\u00e3o entre o povo de Deus, estimulando tamb\u00e9m que as pessoas pe\u00e7am gra\u00e7as pela intercess\u00e3o dele. palavra Postula\u00e7\u00e3o \u00e9 muito comum do mundo eclesi\u00e1stico, sendo tamb\u00e9m a raiz da palavra &quot;postulante&quot;, ou seja, um pedido para que uma pessoa seja admitida em algo ou algum lugar. Neste processo existem: um Postulador Geral e um Vice-postulador. O vice trabalha junto \u00e0 comunidade onde o Servo de Deus exerceu sua miss\u00e3o, j\u00e1 o Postulador representa a Causa em Roma junto \u00e0 Congrega\u00e7\u00e3o das Causas dos Santos.Em Belo Horizonte-MG, Brasil, onde est\u00e1 o secretariado da Vice-postula\u00e7\u00e3o, uma equipe trabalha administrando e divulgando a causa por meios eletr\u00f4nicos (sites e redes sociais) e com a venda de artigos religiosos (dentre eles imagens, livros, ora\u00e7\u00f5es e outros objetos de cunho devocional). A comercializa\u00e7\u00e3o deste material e as doa\u00e7\u00f5es recebidas s\u00e3o o que custeiam os gastos relacionados ao processo de canoniza\u00e7\u00e3o.\" \/>\n<meta name=\"robots\" content=\"index, follow, max-snippet:-1, max-image-preview:large, max-video-preview:-1\" \/>\n<link rel=\"canonical\" href=\"https:\/\/www.padreeustaquio.com.br\/es\/hogar\/\" \/>\n<meta property=\"og:locale\" content=\"es_ES\" \/>\n<meta property=\"og:type\" content=\"article\" \/>\n<meta property=\"og:title\" content=\"Home - Padre Eust\u00e1quio\" \/>\n<meta property=\"og:description\" content=\"A Vice-postula\u00e7\u00e3o, que trabalha com o processo de Canoniza\u00e7\u00e3o de Padre Eust\u00e1quio, \u00e9 uma institui\u00e7\u00e3o da igreja Cat\u00f3lica, ligada \u00e0 Postula\u00e7\u00e3o Geral da Causa e \u00e0 Congrega\u00e7\u00e3o da Causa dos Santos, (sediadas em Roma). Temos como miss\u00e3o reunir todo o material envolvendo fatos extraordin\u00e1rios atribu\u00eddos \u00e0 intercess\u00e3o do Beato Padre Eust\u00e1quio van Lieshout.Al\u00e9m de sermos respons\u00e1veis pelo processo de canoniza\u00e7\u00e3o, tamb\u00e9m temos o dever de divulgar a devo\u00e7\u00e3o ao Beato pelo Brasil e pelo mundo. Este trabalho consiste em apresentar a vida e a hist\u00f3ria deste religioso, difundindo sua venera\u00e7\u00e3o entre o povo de Deus, estimulando tamb\u00e9m que as pessoas pe\u00e7am gra\u00e7as pela intercess\u00e3o dele. palavra Postula\u00e7\u00e3o \u00e9 muito comum do mundo eclesi\u00e1stico, sendo tamb\u00e9m a raiz da palavra &quot;postulante&quot;, ou seja, um pedido para que uma pessoa seja admitida em algo ou algum lugar. Neste processo existem: um Postulador Geral e um Vice-postulador. O vice trabalha junto \u00e0 comunidade onde o Servo de Deus exerceu sua miss\u00e3o, j\u00e1 o Postulador representa a Causa em Roma junto \u00e0 Congrega\u00e7\u00e3o das Causas dos Santos.Em Belo Horizonte-MG, Brasil, onde est\u00e1 o secretariado da Vice-postula\u00e7\u00e3o, uma equipe trabalha administrando e divulgando a causa por meios eletr\u00f4nicos (sites e redes sociais) e com a venda de artigos religiosos (dentre eles imagens, livros, ora\u00e7\u00f5es e outros objetos de cunho devocional). A comercializa\u00e7\u00e3o deste material e as doa\u00e7\u00f5es recebidas s\u00e3o o que custeiam os gastos relacionados ao processo de canoniza\u00e7\u00e3o.\" \/>\n<meta property=\"og:url\" content=\"https:\/\/www.padreeustaquio.com.br\/es\/hogar\/\" \/>\n<meta property=\"og:site_name\" content=\"Padre Eust\u00e1quio\" \/>\n<meta property=\"article:publisher\" content=\"https:\/\/www.facebook.com\/beatopadreeustaquio\/\" \/>\n<meta property=\"og:image\" content=\"https:\/\/www.padreeustaquio.com.br\/wp-content\/uploads\/2019\/07\/Padre.png\" \/>\n\t<meta property=\"og:image:width\" content=\"816\" \/>\n\t<meta property=\"og:image:height\" content=\"697\" \/>\n\t<meta property=\"og:image:type\" content=\"image\/png\" \/>\n<meta name=\"twitter:card\" content=\"summary_large_image\" \/>\n<meta name=\"twitter:site\" content=\"@beatopeustaquio\" \/>\n<script type=\"application\/ld+json\" class=\"yoast-schema-graph\">{\"@context\":\"https:\/\/schema.org\",\"@graph\":[{\"@type\":\"WebPage\",\"@id\":\"https:\/\/www.padreeustaquio.com.br\/home\/\",\"url\":\"https:\/\/www.padreeustaquio.com.br\/home\/\",\"name\":\"Home - Padre Eust\u00e1quio\",\"isPartOf\":{\"@id\":\"https:\/\/www.padreeustaquio.com.br\/#website\"},\"datePublished\":\"2025-11-28T10:43:23+00:00\",\"description\":\"A Vice-postula\u00e7\u00e3o, que trabalha com o processo de Canoniza\u00e7\u00e3o de Padre Eust\u00e1quio, \u00e9 uma institui\u00e7\u00e3o da igreja Cat\u00f3lica, ligada \u00e0 Postula\u00e7\u00e3o Geral da Causa e \u00e0 Congrega\u00e7\u00e3o da Causa dos Santos, (sediadas em Roma). Temos como miss\u00e3o reunir todo o material envolvendo fatos extraordin\u00e1rios atribu\u00eddos \u00e0 intercess\u00e3o do Beato Padre Eust\u00e1quio van Lieshout.Al\u00e9m de sermos respons\u00e1veis pelo processo de canoniza\u00e7\u00e3o, tamb\u00e9m temos o dever de divulgar a devo\u00e7\u00e3o ao Beato pelo Brasil e pelo mundo. Este trabalho consiste em apresentar a vida e a hist\u00f3ria deste religioso, difundindo sua venera\u00e7\u00e3o entre o povo de Deus, estimulando tamb\u00e9m que as pessoas pe\u00e7am gra\u00e7as pela intercess\u00e3o dele. palavra Postula\u00e7\u00e3o \u00e9 muito comum do mundo eclesi\u00e1stico, sendo tamb\u00e9m a raiz da palavra \\\"postulante\\\", ou seja, um pedido para que uma pessoa seja admitida em algo ou algum lugar. Neste processo existem: um Postulador Geral e um Vice-postulador. O vice trabalha junto \u00e0 comunidade onde o Servo de Deus exerceu sua miss\u00e3o, j\u00e1 o Postulador representa a Causa em Roma junto \u00e0 Congrega\u00e7\u00e3o das Causas dos Santos.Em Belo Horizonte-MG, Brasil, onde est\u00e1 o secretariado da Vice-postula\u00e7\u00e3o, uma equipe trabalha administrando e divulgando a causa por meios eletr\u00f4nicos (sites e redes sociais) e com a venda de artigos religiosos (dentre eles imagens, livros, ora\u00e7\u00f5es e outros objetos de cunho devocional). A comercializa\u00e7\u00e3o deste material e as doa\u00e7\u00f5es recebidas s\u00e3o o que custeiam os gastos relacionados ao processo de canoniza\u00e7\u00e3o.\",\"breadcrumb\":{\"@id\":\"https:\/\/www.padreeustaquio.com.br\/home\/#breadcrumb\"},\"inLanguage\":\"es\",\"potentialAction\":[{\"@type\":\"ReadAction\",\"target\":[\"https:\/\/www.padreeustaquio.com.br\/home\/\"]}]},{\"@type\":\"BreadcrumbList\",\"@id\":\"https:\/\/www.padreeustaquio.com.br\/home\/#breadcrumb\",\"itemListElement\":[{\"@type\":\"ListItem\",\"position\":1,\"name\":\"In\u00edcio\",\"item\":\"https:\/\/www.padreeustaquio.com.br\/\"},{\"@type\":\"ListItem\",\"position\":2,\"name\":\"Home\"}]},{\"@type\":\"WebSite\",\"@id\":\"https:\/\/www.padreeustaquio.com.br\/#website\",\"url\":\"https:\/\/www.padreeustaquio.com.br\/\",\"name\":\"Padre Eust\u00e1quio\",\"description\":\"Sa\u00fade e Paz\",\"publisher\":{\"@id\":\"https:\/\/www.padreeustaquio.com.br\/#organization\"},\"potentialAction\":[{\"@type\":\"SearchAction\",\"target\":{\"@type\":\"EntryPoint\",\"urlTemplate\":\"https:\/\/www.padreeustaquio.com.br\/?s={search_term_string}\"},\"query-input\":{\"@type\":\"PropertyValueSpecification\",\"valueRequired\":true,\"valueName\":\"search_term_string\"}}],\"inLanguage\":\"es\"},{\"@type\":\"Organization\",\"@id\":\"https:\/\/www.padreeustaquio.com.br\/#organization\",\"name\":\"Padre Eust\u00e1quio\",\"url\":\"https:\/\/www.padreeustaquio.com.br\/\",\"logo\":{\"@type\":\"ImageObject\",\"inLanguage\":\"es\",\"@id\":\"https:\/\/www.padreeustaquio.com.br\/#\/schema\/logo\/image\/\",\"url\":\"https:\/\/www.padreeustaquio.com.br\/wp-content\/uploads\/2019\/08\/marca.png\",\"contentUrl\":\"https:\/\/www.padreeustaquio.com.br\/wp-content\/uploads\/2019\/08\/marca.png\",\"width\":350,\"height\":400,\"caption\":\"Padre Eust\u00e1quio\"},\"image\":{\"@id\":\"https:\/\/www.padreeustaquio.com.br\/#\/schema\/logo\/image\/\"},\"sameAs\":[\"https:\/\/www.facebook.com\/beatopadreeustaquio\/\",\"https:\/\/x.com\/beatopeustaquio\",\"https:\/\/www.instagram.com\/beatopadreeustaquio\/\",\"https:\/\/www.youtube.com\/channel\/UCRhw7vfabnajwLxb1ZXMeIw\"]}]}<\/script>\n<!-- \/ Yoast SEO plugin. -->","yoast_head_json":{"title":"Inicio - Padre Eust\u00e1quio","description":"La Vicepostulaci\u00f3n, encargada del proceso de canonizaci\u00f3n del Padre Eust\u00e1quio, es una instituci\u00f3n de la Iglesia Cat\u00f3lica, vinculada a la Postulaci\u00f3n General de la Causa y a la Congregaci\u00f3n para las Causas de los Santos (con sede en Roma). Nuestra misi\u00f3n es recopilar todo el material sobre eventos extraordinarios atribuidos a la intercesi\u00f3n del Beato Padre Eust\u00e1quio van Lieshout. Adem\u00e1s de ser responsables del proceso de canonizaci\u00f3n, tambi\u00e9n tenemos el deber de difundir la devoci\u00f3n al Beato en Brasil y el mundo. Esta labor consiste en presentar la vida e historia de esta figura religiosa, difundir su veneraci\u00f3n entre el pueblo de Dios y animar a las personas a pedir gracias por su intercesi\u00f3n. El t\u00e9rmino &quot;Postulaci\u00f3n&quot; es muy com\u00fan en el mundo eclesi\u00e1stico y tambi\u00e9n es la ra\u00edz de la palabra &quot;postulante&quot;, que significa solicitar la admisi\u00f3n de una persona en algo o en alg\u00fan lugar. En este proceso hay un Postulador General y un Vicepostulador. El Vicepostulador trabaja con la comunidad donde el Siervo de Dios ejerci\u00f3 su misi\u00f3n, mientras que el Postulador representa la Causa en Roma ante la Congregaci\u00f3n para las Causas de los Santos. En Belo Horizonte, MG, Brasil, donde se encuentra la secretar\u00eda de la Vicepostulaci\u00f3n, un equipo trabaja en la gesti\u00f3n y promoci\u00f3n de la causa a trav\u00e9s de medios electr\u00f3nicos (sitios web y redes sociales) y mediante la venta de art\u00edculos religiosos (incluyendo im\u00e1genes, libros, oraciones y otros objetos de devoci\u00f3n). La venta de este material y las donaciones recibidas cubren los gastos relacionados con el proceso de canonizaci\u00f3n.","robots":{"index":"index","follow":"follow","max-snippet":"max-snippet:-1","max-image-preview":"max-image-preview:large","max-video-preview":"max-video-preview:-1"},"canonical":"https:\/\/www.padreeustaquio.com.br\/es\/hogar\/","og_locale":"es_ES","og_type":"article","og_title":"Home - Padre Eust\u00e1quio","og_description":"A Vice-postula\u00e7\u00e3o, que trabalha com o processo de Canoniza\u00e7\u00e3o de Padre Eust\u00e1quio, \u00e9 uma institui\u00e7\u00e3o da igreja Cat\u00f3lica, ligada \u00e0 Postula\u00e7\u00e3o Geral da Causa e \u00e0 Congrega\u00e7\u00e3o da Causa dos Santos, (sediadas em Roma). Temos como miss\u00e3o reunir todo o material envolvendo fatos extraordin\u00e1rios atribu\u00eddos \u00e0 intercess\u00e3o do Beato Padre Eust\u00e1quio van Lieshout.Al\u00e9m de sermos respons\u00e1veis pelo processo de canoniza\u00e7\u00e3o, tamb\u00e9m temos o dever de divulgar a devo\u00e7\u00e3o ao Beato pelo Brasil e pelo mundo. Este trabalho consiste em apresentar a vida e a hist\u00f3ria deste religioso, difundindo sua venera\u00e7\u00e3o entre o povo de Deus, estimulando tamb\u00e9m que as pessoas pe\u00e7am gra\u00e7as pela intercess\u00e3o dele. palavra Postula\u00e7\u00e3o \u00e9 muito comum do mundo eclesi\u00e1stico, sendo tamb\u00e9m a raiz da palavra \"postulante\", ou seja, um pedido para que uma pessoa seja admitida em algo ou algum lugar. Neste processo existem: um Postulador Geral e um Vice-postulador. O vice trabalha junto \u00e0 comunidade onde o Servo de Deus exerceu sua miss\u00e3o, j\u00e1 o Postulador representa a Causa em Roma junto \u00e0 Congrega\u00e7\u00e3o das Causas dos Santos.Em Belo Horizonte-MG, Brasil, onde est\u00e1 o secretariado da Vice-postula\u00e7\u00e3o, uma equipe trabalha administrando e divulgando a causa por meios eletr\u00f4nicos (sites e redes sociais) e com a venda de artigos religiosos (dentre eles imagens, livros, ora\u00e7\u00f5es e outros objetos de cunho devocional). A comercializa\u00e7\u00e3o deste material e as doa\u00e7\u00f5es recebidas s\u00e3o o que custeiam os gastos relacionados ao processo de canoniza\u00e7\u00e3o.","og_url":"https:\/\/www.padreeustaquio.com.br\/es\/hogar\/","og_site_name":"Padre Eust\u00e1quio","article_publisher":"https:\/\/www.facebook.com\/beatopadreeustaquio\/","og_image":[{"width":816,"height":697,"url":"https:\/\/www.padreeustaquio.com.br\/wp-content\/uploads\/2019\/07\/Padre.png","type":"image\/png"}],"twitter_card":"summary_large_image","twitter_site":"@beatopeustaquio","schema":{"@context":"https:\/\/schema.org","@graph":[{"@type":"WebPage","@id":"https:\/\/www.padreeustaquio.com.br\/home\/","url":"https:\/\/www.padreeustaquio.com.br\/home\/","name":"Inicio - Padre Eust\u00e1quio","isPartOf":{"@id":"https:\/\/www.padreeustaquio.com.br\/#website"},"datePublished":"2025-11-28T10:43:23+00:00","description":"La Vicepostulaci\u00f3n, encargada del proceso de canonizaci\u00f3n del Padre Eust\u00e1quio, es una instituci\u00f3n de la Iglesia Cat\u00f3lica, vinculada a la Postulaci\u00f3n General de la Causa y a la Congregaci\u00f3n para las Causas de los Santos (con sede en Roma). Nuestra misi\u00f3n es recopilar todo el material sobre eventos extraordinarios atribuidos a la intercesi\u00f3n del Beato Padre Eust\u00e1quio van Lieshout. Adem\u00e1s de ser responsables del proceso de canonizaci\u00f3n, tambi\u00e9n tenemos el deber de difundir la devoci\u00f3n al Beato en Brasil y el mundo. Esta labor consiste en presentar la vida e historia de esta figura religiosa, difundir su veneraci\u00f3n entre el pueblo de Dios y animar a las personas a pedir gracias por su intercesi\u00f3n. El t\u00e9rmino &quot;Postulaci\u00f3n&quot; es muy com\u00fan en el mundo eclesi\u00e1stico y tambi\u00e9n es la ra\u00edz de la palabra &quot;postulante&quot;, que significa solicitar la admisi\u00f3n de una persona en algo o en alg\u00fan lugar. En este proceso hay un Postulador General y un Vicepostulador. El Vicepostulador trabaja con la comunidad donde el Siervo de Dios ejerci\u00f3 su misi\u00f3n, mientras que el Postulador representa la Causa en Roma ante la Congregaci\u00f3n para las Causas de los Santos. En Belo Horizonte, MG, Brasil, donde se encuentra la secretar\u00eda de la Vicepostulaci\u00f3n, un equipo trabaja en la gesti\u00f3n y promoci\u00f3n de la causa a trav\u00e9s de medios electr\u00f3nicos (sitios web y redes sociales) y mediante la venta de art\u00edculos religiosos (incluyendo im\u00e1genes, libros, oraciones y otros objetos de devoci\u00f3n). La venta de este material y las donaciones recibidas cubren los gastos relacionados con el proceso de canonizaci\u00f3n.","breadcrumb":{"@id":"https:\/\/www.padreeustaquio.com.br\/home\/#breadcrumb"},"inLanguage":"es","potentialAction":[{"@type":"ReadAction","target":["https:\/\/www.padreeustaquio.com.br\/home\/"]}]},{"@type":"BreadcrumbList","@id":"https:\/\/www.padreeustaquio.com.br\/home\/#breadcrumb","itemListElement":[{"@type":"ListItem","position":1,"name":"In\u00edcio","item":"https:\/\/www.padreeustaquio.com.br\/"},{"@type":"ListItem","position":2,"name":"Home"}]},{"@type":"WebSite","@id":"https:\/\/www.padreeustaquio.com.br\/#website","url":"https:\/\/www.padreeustaquio.com.br\/","name":"Padre Eustace","description":"Salud y Paz","publisher":{"@id":"https:\/\/www.padreeustaquio.com.br\/#organization"},"potentialAction":[{"@type":"SearchAction","target":{"@type":"EntryPoint","urlTemplate":"https:\/\/www.padreeustaquio.com.br\/?s={search_term_string}"},"query-input":{"@type":"PropertyValueSpecification","valueRequired":true,"valueName":"search_term_string"}}],"inLanguage":"es"},{"@type":"Organization","@id":"https:\/\/www.padreeustaquio.com.br\/#organization","name":"Padre Eustace","url":"https:\/\/www.padreeustaquio.com.br\/","logo":{"@type":"ImageObject","inLanguage":"es","@id":"https:\/\/www.padreeustaquio.com.br\/#\/schema\/logo\/image\/","url":"https:\/\/www.padreeustaquio.com.br\/wp-content\/uploads\/2019\/08\/marca.png","contentUrl":"https:\/\/www.padreeustaquio.com.br\/wp-content\/uploads\/2019\/08\/marca.png","width":350,"height":400,"caption":"Padre Eust\u00e1quio"},"image":{"@id":"https:\/\/www.padreeustaquio.com.br\/#\/schema\/logo\/image\/"},"sameAs":["https:\/\/www.facebook.com\/beatopadreeustaquio\/","https:\/\/x.com\/beatopeustaquio","https:\/\/www.instagram.com\/beatopadreeustaquio\/","https:\/\/www.youtube.com\/channel\/UCRhw7vfabnajwLxb1ZXMeIw"]}]}},"_links":{"self":[{"href":"https:\/\/www.padreeustaquio.com.br\/es\/wp-json\/wp\/v2\/pages\/3620","targetHints":{"allow":["GET"]}}],"collection":[{"href":"https:\/\/www.padreeustaquio.com.br\/es\/wp-json\/wp\/v2\/pages"}],"about":[{"href":"https:\/\/www.padreeustaquio.com.br\/es\/wp-json\/wp\/v2\/types\/page"}],"author":[{"embeddable":true,"href":"https:\/\/www.padreeustaquio.com.br\/es\/wp-json\/wp\/v2\/users\/6"}],"replies":[{"embeddable":true,"href":"https:\/\/www.padreeustaquio.com.br\/es\/wp-json\/wp\/v2\/comments?post=3620"}],"version-history":[{"count":1,"href":"https:\/\/www.padreeustaquio.com.br\/es\/wp-json\/wp\/v2\/pages\/3620\/revisions"}],"predecessor-version":[{"id":12899,"href":"https:\/\/www.padreeustaquio.com.br\/es\/wp-json\/wp\/v2\/pages\/3620\/revisions\/12899"}],"wp:attachment":[{"href":"https:\/\/www.padreeustaquio.com.br\/es\/wp-json\/wp\/v2\/media?parent=3620"}],"curies":[{"name":"wp","href":"https:\/\/api.w.org\/{rel}","templated":true}]}}