{"id":12260,"date":"2025-09-16T08:10:27","date_gmt":"2025-09-16T11:10:27","guid":{"rendered":"https:\/\/www.padreeustaquio.com.br\/?page_id=12260"},"modified":"2025-09-16T16:07:30","modified_gmt":"2025-09-16T19:07:30","slug":"novenas-y-oraciones","status":"publish","type":"page","link":"https:\/\/www.padreeustaquio.com.br\/es\/novenas-y-oraciones\/","title":{"rendered":"NOVENAS Y ORACIONES"},"content":{"rendered":"<div data-elementor-type=\"wp-page\" data-elementor-id=\"12260\" class=\"elementor elementor-12260\" data-elementor-post-type=\"page\">\n\t\t\t\t<div class=\"elementor-element elementor-element-710db528 e-flex e-con-boxed e-con e-parent\" data-id=\"710db528\" data-element_type=\"container\" data-e-type=\"container\">\n\t\t\t\t\t<div class=\"e-con-inner\">\n\t\t\t\t<div class=\"elementor-element elementor-element-646f9fb6 elementor-grid-3 elementor-grid-tablet-2 elementor-grid-mobile-1 elementor-posts--thumbnail-top elementor-card-shadow-yes elementor-posts__hover-gradient load-more-align-center elementor-widget elementor-widget-posts\" data-id=\"646f9fb6\" data-element_type=\"widget\" data-e-type=\"widget\" data-settings=\"{&quot;pagination_type&quot;:&quot;load_more_on_click&quot;,&quot;cards_columns&quot;:&quot;3&quot;,&quot;cards_columns_tablet&quot;:&quot;2&quot;,&quot;cards_columns_mobile&quot;:&quot;1&quot;,&quot;cards_row_gap&quot;:{&quot;unit&quot;:&quot;px&quot;,&quot;size&quot;:35,&quot;sizes&quot;:[]},&quot;cards_row_gap_tablet&quot;:{&quot;unit&quot;:&quot;px&quot;,&quot;size&quot;:&quot;&quot;,&quot;sizes&quot;:[]},&quot;cards_row_gap_mobile&quot;:{&quot;unit&quot;:&quot;px&quot;,&quot;size&quot;:&quot;&quot;,&quot;sizes&quot;:[]},&quot;load_more_spinner&quot;:{&quot;value&quot;:&quot;fas fa-spinner&quot;,&quot;library&quot;:&quot;fa-solid&quot;}}\" data-widget_type=\"posts.cards\">\n\t\t\t\t<div class=\"elementor-widget-container\">\n\t\t\t\t\t\t\t<div class=\"elementor-posts-container elementor-posts elementor-posts--skin-cards elementor-grid\" role=\"list\">\n\t\t\t\t<article class=\"elementor-post elementor-grid-item post-3213 post type-post status-publish format-standard hentry category-novena\" role=\"listitem\">\n\t\t\t<div class=\"elementor-post__card\">\n\t\t\t\t<div class=\"elementor-post__text\">\n\t\t\t\t<h3 class=\"elementor-post__title\">\n\t\t\t<a href=\"https:\/\/www.padreeustaquio.com.br\/es\/novena-al-beato-padre-eustaquio\/\" >\n\t\t\t\tNovena al Beato Padre Eust\u00e1quio\t\t\t<\/a>\n\t\t<\/h3>\n\t\t\t\t<div class=\"elementor-post__excerpt\">\n\t\t\t<p>ORACI\u00d3N INICIAL PARA CADA D\u00cdA\nEn el nombre del Padre, y del Hijo y del Esp\u00edritu Santo. Am\u00e9n!\nBondadoso Padre Eustaquio, gran amigo y bienhechor de las almas que sufren, por tu intercesi\u00f3n, conc\u00e9deme la gracia que tanto necesito de Dios:\n(haga su pedido)\nRenuevo mis compromisos bautismales de vivir como buen cristiano. Prometo rezar y colaborar para que pronto seas reconocido como santo para mayor honor y gloria de los Sagrados Corazones de Jes\u00fas y Mar\u00eda y de la Santa Iglesia.\nAm\u00e9n!\nPRIMER D\u00cdA\nPadre Eust\u00e1quio y la virtud de la Fe<\/p>\n\t\t<\/div>\n\t\t\n\t\t<a class=\"elementor-post__read-more\" href=\"https:\/\/www.padreeustaquio.com.br\/es\/novena-al-beato-padre-eustaquio\/\" aria-label=\"M\u00e1s informaci\u00f3n sobre Novena ao Beato Padre Eust\u00e1quio\" tabindex=\"-1\" >\n\t\t\tLeer m\u00e1s &gt;&gt;\t\t<\/a>\n\n\t\t\t\t<\/div>\n\t\t\t\t<div class=\"elementor-post__meta-data\">\n\t\t\t\t\t<span class=\"elementor-post-date\">\n\t\t\t5 de noviembre de 2019\t\t<\/span>\n\t\t\t\t<\/div>\n\t\t\t\t\t<\/div>\n\t\t<\/article>\n\t\t\t\t<article class=\"elementor-post elementor-grid-item post-3222 post type-post status-publish format-standard hentry category-novena\" role=\"listitem\">\n\t\t\t<div class=\"elementor-post__card\">\n\t\t\t\t<div class=\"elementor-post__text\">\n\t\t\t\t<h3 class=\"elementor-post__title\">\n\t\t\t<a href=\"https:\/\/www.padreeustaquio.com.br\/es\/oracion-a-san-jose-compuesta-por-el-padre-eustace\/\" >\n\t\t\t\tOraci\u00f3n a San Jos\u00e9 compuesta por el Padre Eust\u00e1quio\t\t\t<\/a>\n\t\t<\/h3>\n\t\t\t\t<div class=\"elementor-post__excerpt\">\n\t\t\t<p>San Jos\u00e9, abnegado esposo de Mar\u00eda, tierno padre nutricio del Ni\u00f1o Jes\u00fas, protector y apoyo de la Sagrada Familia, por tu intercesi\u00f3n junto con Jes\u00fas y Mar\u00eda, alc\u00e1nzame lo que tan ardientemente pido para m\u00ed y para mis seres queridos. Me pongo enteramente bajo tu poderosa protecci\u00f3n, junto a Jes\u00fas y Mar\u00eda, que bajo tu santa protecci\u00f3n huyeron a lugar seguro y regresaron sanos y salvos.<\/p>\n\t\t<\/div>\n\t\t\n\t\t<a class=\"elementor-post__read-more\" href=\"https:\/\/www.padreeustaquio.com.br\/es\/oracion-a-san-jose-compuesta-por-el-padre-eustace\/\" aria-label=\"M\u00e1s informaci\u00f3n sobre Ora\u00e7\u00e3o a S\u00e3o Jos\u00e9 composta por Padre Eust\u00e1quio\" tabindex=\"-1\" >\n\t\t\tLeer m\u00e1s &gt;&gt;\t\t<\/a>\n\n\t\t\t\t<\/div>\n\t\t\t\t<div class=\"elementor-post__meta-data\">\n\t\t\t\t\t<span class=\"elementor-post-date\">\n\t\t\t4 de noviembre de 2019\t\t<\/span>\n\t\t\t\t<\/div>\n\t\t\t\t\t<\/div>\n\t\t<\/article>\n\t\t\t\t<article class=\"elementor-post elementor-grid-item post-3225 post type-post status-publish format-standard hentry category-novena\" role=\"listitem\">\n\t\t\t<div class=\"elementor-post__card\">\n\t\t\t\t<div class=\"elementor-post__text\">\n\t\t\t\t<h3 class=\"elementor-post__title\">\n\t\t\t<a href=\"https:\/\/www.padreeustaquio.com.br\/es\/oracion-del-padre-eustaquio-a-la-divina-misericordia\/\" >\n\t\t\t\tOraci\u00f3n del Padre Eust\u00e1quio a la Divina Misericordia\t\t\t<\/a>\n\t\t<\/h3>\n\t\t\t\t<div class=\"elementor-post__excerpt\">\n\t\t\t<p>En la misericordia de Dios espero.\nS\u00f3lo la misericordia de Dios puede darme esperanza.\nOh, Jes\u00fas m\u00edo, por favor, esc\u00f3ndeme en la llaga de tu Divina Misericordia.\nCoraz\u00f3n de Jes\u00fas, Oc\u00e9ano de Bondad, Fuente Perenne de Misericordia, D\u00edgnate responder a mis oraciones.\nAmen!<\/p>\n\t\t<\/div>\n\t\t\n\t\t<a class=\"elementor-post__read-more\" href=\"https:\/\/www.padreeustaquio.com.br\/es\/oracion-del-padre-eustaquio-a-la-divina-misericordia\/\" aria-label=\"M\u00e1s informaci\u00f3n sobre Ora\u00e7\u00e3o de Padre Eust\u00e1quio \u00e0 Divina Miseric\u00f3rdia\" tabindex=\"-1\" >\n\t\t\tLeer m\u00e1s &gt;&gt;\t\t<\/a>\n\n\t\t\t\t<\/div>\n\t\t\t\t<div class=\"elementor-post__meta-data\">\n\t\t\t\t\t<span class=\"elementor-post-date\">\n\t\t\t3 de noviembre de 2019\t\t<\/span>\n\t\t\t\t<\/div>\n\t\t\t\t\t<\/div>\n\t\t<\/article>\n\t\t\t\t<article class=\"elementor-post elementor-grid-item post-3229 post type-post status-publish format-standard hentry category-novena\" role=\"listitem\">\n\t\t\t<div class=\"elementor-post__card\">\n\t\t\t\t<div class=\"elementor-post__text\">\n\t\t\t\t<h3 class=\"elementor-post__title\">\n\t\t\t<a href=\"https:\/\/www.padreeustaquio.com.br\/es\/oracion-para-pedir-un-favor-al-padre-eustaquio\/\" >\n\t\t\t\tOraci\u00f3n para pedir una gracia al Padre Eust\u00e1quio\t\t\t<\/a>\n\t\t<\/h3>\n\t\t\t\t<div class=\"elementor-post__excerpt\">\n\t\t\t<p>Compuesto por Dom Walmor Oliveira de Azevedo, Arzobispo Metropolitano de Belo Horizonte-MG: Padre de Misericordia, Dios de todo consuelo, por intercesi\u00f3n del Beato Eustaquio, misionero de la Salud y la Paz, mira con bondad a tu pueblo, en este momento de su historia, y conc\u00e9denos a cada uno la gracia que necesitamos para que, en nuestra plenitud f\u00edsica y espiritual, reconciliados contigo, seamos tus instrumentos para la construcci\u00f3n de la sociedad, en justicia, solidaridad y amor, anunciando, en el camino, el Reino definitivo. (Silencio para implorar la gracia que se obtendr\u00e1) Por Jesucristo, Se\u00f1or de la Paz, nuestro hermano, Maestro y Redentor, haznos...,<\/p>\n\t\t<\/div>\n\t\t\n\t\t<a class=\"elementor-post__read-more\" href=\"https:\/\/www.padreeustaquio.com.br\/es\/oracion-para-pedir-un-favor-al-padre-eustaquio\/\" aria-label=\"M\u00e1s informaci\u00f3n sobre Ora\u00e7\u00e3o para pedir uma gra\u00e7a a Padre Eust\u00e1quio\" tabindex=\"-1\" >\n\t\t\tLeer m\u00e1s &gt;&gt;\t\t<\/a>\n\n\t\t\t\t<\/div>\n\t\t\t\t<div class=\"elementor-post__meta-data\">\n\t\t\t\t\t<span class=\"elementor-post-date\">\n\t\t\t2 de noviembre de 2019\t\t<\/span>\n\t\t\t\t<\/div>\n\t\t\t\t\t<\/div>\n\t\t<\/article>\n\t\t\t\t<article class=\"elementor-post elementor-grid-item post-3232 post type-post status-publish format-standard hentry category-novena\" role=\"listitem\">\n\t\t\t<div class=\"elementor-post__card\">\n\t\t\t\t<div class=\"elementor-post__text\">\n\t\t\t\t<h3 class=\"elementor-post__title\">\n\t\t\t<a href=\"https:\/\/www.padreeustaquio.com.br\/es\/oracion-por-la-canonizacion-del-padre-eustaquio\/\" >\n\t\t\t\tOraci\u00f3n por la canonizaci\u00f3n del Padre Eust\u00e1quio\t\t\t<\/a>\n\t\t<\/h3>\n\t\t\t\t<div class=\"elementor-post__excerpt\">\n\t\t\t<p>Compuesta por Dom Walmor Oliveira de Azevedo\nArzobispo Metropolitano de Belo Horizonte-MG\nPadre de misericordia, Dios de todo consuelo, por intercesi\u00f3n del Bienaventurado Eust\u00e1quio, Misionero de la Salud y de la Paz, mira benignamente a tu pueblo en este momento de su historia y conc\u00e9denos a cada uno de nosotros la gracia necesaria para que, en plenitud f\u00edsica y espiritual, reconciliados contigo, seamos tus instrumentos para construir la sociedad en la justicia, la solidaridad y el amor, anunciando el Reino definitivo en camino.<\/p>\n\t\t<\/div>\n\t\t\n\t\t<a class=\"elementor-post__read-more\" href=\"https:\/\/www.padreeustaquio.com.br\/es\/oracion-por-la-canonizacion-del-padre-eustaquio\/\" aria-label=\"M\u00e1s informaci\u00f3n sobre Ora\u00e7\u00e3o pela Canoniza\u00e7\u00e3o de Padre Eust\u00e1quio\" tabindex=\"-1\" >\n\t\t\tLeer m\u00e1s &gt;&gt;\t\t<\/a>\n\n\t\t\t\t<\/div>\n\t\t\t\t<div class=\"elementor-post__meta-data\">\n\t\t\t\t\t<span class=\"elementor-post-date\">\n\t\t\t1 de noviembre de 2019\t\t<\/span>\n\t\t\t\t<\/div>\n\t\t\t\t\t<\/div>\n\t\t<\/article>\n\t\t\t\t<article class=\"elementor-post elementor-grid-item post-3238 post type-post status-publish format-standard hentry category-novena\" role=\"listitem\">\n\t\t\t<div class=\"elementor-post__card\">\n\t\t\t\t<div class=\"elementor-post__text\">\n\t\t\t\t<h3 class=\"elementor-post__title\">\n\t\t\t<a href=\"https:\/\/www.padreeustaquio.com.br\/es\/misa-y-oficio-propios\/\" >\n\t\t\t\tMisa y Oficio propios\t\t\t<\/a>\n\t\t<\/h3>\n\t\t\t\t<div class=\"elementor-post__excerpt\">\n\t\t\t<p>Aprobados por la Congregaci\u00f3n para el Culto Divino y la Disciplina de los Sacramentos el 20 de agosto de 2011 (Prot. n\u00fam. 319\/11\/L)\n30 de agosto\nBeato Eust\u00e1quio van Lieshout, sacerdote\nMemorial\nAnt\u00edfona de entrada: cf. Mat 14,14\nCuando desembarc\u00f3, Jes\u00fas vio una gran muchedumbre y, compadeci\u00e9ndose de ella, cur\u00f3 a los enfermos.\nOraci\u00f3n del d\u00eda:<\/p>\n\t\t<\/div>\n\t\t\n\t\t<a class=\"elementor-post__read-more\" href=\"https:\/\/www.padreeustaquio.com.br\/es\/misa-y-oficio-propios\/\" aria-label=\"M\u00e1s informaci\u00f3n sobre Missa e Of\u00edcio pr\u00f3prios\" tabindex=\"-1\" >\n\t\t\tLeer m\u00e1s &gt;&gt;\t\t<\/a>\n\n\t\t\t\t<\/div>\n\t\t\t\t<div class=\"elementor-post__meta-data\">\n\t\t\t\t\t<span class=\"elementor-post-date\">\n\t\t\t17 de septiembre de 2019\t\t<\/span>\n\t\t\t\t<\/div>\n\t\t\t\t\t<\/div>\n\t\t<\/article>\n\t\t\t\t<\/div>\n\t\t\t\t\t<span class=\"e-load-more-spinner\">\n\t\t\t\t<svg aria-hidden=\"true\" class=\"e-font-icon-svg e-fas-spinner\" viewbox=\"0 0 512 512\" xmlns=\"http:\/\/www.w3.org\/2000\/svg\"><path d=\"M304 48c0 26.51-21.49 48-48 48s-48-21.49-48-48 21.49-48 48-48 48 21.49 48 48zm-48 368c-26.51 0-48 21.49-48 48s21.49 48 48 48 48-21.49 48-48-21.49-48-48-48zm208-208c-26.51 0-48 21.49-48 48s21.49 48 48 48 48-21.49 48-48-21.49-48-48-48zM96 256c0-26.51-21.49-48-48-48S0 229.49 0 256s21.49 48 48 48 48-21.49 48-48zm12.922 99.078c-26.51 0-48 21.49-48 48s21.49 48 48 48 48-21.49 48-48c0-26.509-21.491-48-48-48zm294.156 0c-26.51 0-48 21.49-48 48s21.49 48 48 48 48-21.49 48-48c0-26.509-21.49-48-48-48zM108.922 60.922c-26.51 0-48 21.49-48 48s21.49 48 48 48 48-21.49 48-48-21.491-48-48-48z\"><\/path><\/svg>\t\t\t<\/span>\n\t\t\n\t\t\t\t<div class=\"e-load-more-anchor\" data-page=\"1\" data-max-page=\"2\" data-next-page=\"https:\/\/www.padreeustaquio.com.br\/wp-json\/wp\/v2\/pages\/12260\/page\/2\/\"><\/div>\n\t\t\t\t<div class=\"elementor-button-wrapper\">\n\t\t\t<a class=\"elementor-button elementor-size-sm\" role=\"button\">\n\t\t\t\t\t\t<span class=\"elementor-button-content-wrapper\">\n\t\t\t\t\t\t\t<span class=\"elementor-button-icon\">\n\t\t\t\t<svg aria-hidden=\"true\" class=\"e-font-icon-svg e-fas-plus\" viewbox=\"0 0 448 512\" xmlns=\"http:\/\/www.w3.org\/2000\/svg\"><path d=\"M416 208H272V64c0-17.67-14.33-32-32-32h-32c-17.67 0-32 14.33-32 32v144H32c-17.67 0-32 14.33-32 32v32c0 17.67 14.33 32 32 32h144v144c0 17.67 14.33 32 32 32h32c17.67 0 32-14.33 32-32V304h144c17.67 0 32-14.33 32-32v-32c0-17.67-14.33-32-32-32z\"><\/path><\/svg>\t\t\t<\/span>\n\t\t\t\t\t\t\t\t\t<span class=\"elementor-button-text\">Ver m\u00e1s oraciones<\/span>\n\t\t\t\t\t<\/span>\n\t\t\t\t\t<\/a>\n\t\t<\/div>\n\t\t\t\t<div class=\"e-load-more-message\"><\/div>\n\t\t\t\t\t\t<\/div>\n\t\t\t\t<\/div>\n\t\t\t\t\t<\/div>\n\t\t\t\t<\/div>\n\t\t\t\t<\/div>","protected":false},"excerpt":{"rendered":"","protected":false},"author":2,"featured_media":0,"parent":0,"menu_order":0,"comment_status":"closed","ping_status":"closed","template":"elementor_header_footer","meta":{"_acf_changed":false,"footnotes":""},"class_list":["post-12260","page","type-page","status-publish","hentry"],"acf":[],"yoast_head":"<!-- This site is optimized with the Yoast SEO plugin v27.2 - https:\/\/yoast.com\/product\/yoast-seo-wordpress\/ -->\n<title>novenas e ora\u00e7\u00f5es - Padre Eust\u00e1quio<\/title>\n<meta name=\"robots\" content=\"index, follow, max-snippet:-1, max-image-preview:large, max-video-preview:-1\" \/>\n<link rel=\"canonical\" href=\"https:\/\/www.padreeustaquio.com.br\/es\/novenas-y-oraciones\/\" \/>\n<meta property=\"og:locale\" content=\"es_ES\" \/>\n<meta property=\"og:type\" content=\"article\" \/>\n<meta property=\"og:title\" content=\"novenas e ora\u00e7\u00f5es - Padre Eust\u00e1quio\" \/>\n<meta property=\"og:url\" content=\"https:\/\/www.padreeustaquio.com.br\/es\/novenas-y-oraciones\/\" \/>\n<meta property=\"og:site_name\" content=\"Padre Eust\u00e1quio\" \/>\n<meta property=\"article:publisher\" content=\"https:\/\/www.facebook.com\/beatopadreeustaquio\/\" \/>\n<meta property=\"article:modified_time\" content=\"2025-09-16T19:07:30+00:00\" \/>\n<meta property=\"og:image\" content=\"https:\/\/www.padreeustaquio.com.br\/wp-content\/uploads\/2019\/07\/Padre.png\" \/>\n\t<meta property=\"og:image:width\" content=\"816\" \/>\n\t<meta property=\"og:image:height\" content=\"697\" \/>\n\t<meta property=\"og:image:type\" content=\"image\/png\" \/>\n<meta name=\"twitter:card\" content=\"summary_large_image\" \/>\n<meta name=\"twitter:site\" content=\"@beatopeustaquio\" \/>\n<meta name=\"twitter:label1\" content=\"Tiempo de lectura\" \/>\n\t<meta name=\"twitter:data1\" content=\"5 minutos\" \/>\n<script type=\"application\/ld+json\" class=\"yoast-schema-graph\">{\"@context\":\"https:\/\/schema.org\",\"@graph\":[{\"@type\":\"WebPage\",\"@id\":\"https:\/\/www.padreeustaquio.com.br\/novenas-e-oracoes\/\",\"url\":\"https:\/\/www.padreeustaquio.com.br\/novenas-e-oracoes\/\",\"name\":\"novenas e ora\u00e7\u00f5es - Padre Eust\u00e1quio\",\"isPartOf\":{\"@id\":\"https:\/\/www.padreeustaquio.com.br\/#website\"},\"datePublished\":\"2025-09-16T11:10:27+00:00\",\"dateModified\":\"2025-09-16T19:07:30+00:00\",\"breadcrumb\":{\"@id\":\"https:\/\/www.padreeustaquio.com.br\/novenas-e-oracoes\/#breadcrumb\"},\"inLanguage\":\"es\",\"potentialAction\":[{\"@type\":\"ReadAction\",\"target\":[\"https:\/\/www.padreeustaquio.com.br\/novenas-e-oracoes\/\"]}]},{\"@type\":\"BreadcrumbList\",\"@id\":\"https:\/\/www.padreeustaquio.com.br\/novenas-e-oracoes\/#breadcrumb\",\"itemListElement\":[{\"@type\":\"ListItem\",\"position\":1,\"name\":\"In\u00edcio\",\"item\":\"https:\/\/www.padreeustaquio.com.br\/\"},{\"@type\":\"ListItem\",\"position\":2,\"name\":\"novenas e ora\u00e7\u00f5es\"}]},{\"@type\":\"WebSite\",\"@id\":\"https:\/\/www.padreeustaquio.com.br\/#website\",\"url\":\"https:\/\/www.padreeustaquio.com.br\/\",\"name\":\"Padre Eust\u00e1quio\",\"description\":\"Sa\u00fade e Paz\",\"publisher\":{\"@id\":\"https:\/\/www.padreeustaquio.com.br\/#organization\"},\"potentialAction\":[{\"@type\":\"SearchAction\",\"target\":{\"@type\":\"EntryPoint\",\"urlTemplate\":\"https:\/\/www.padreeustaquio.com.br\/?s={search_term_string}\"},\"query-input\":{\"@type\":\"PropertyValueSpecification\",\"valueRequired\":true,\"valueName\":\"search_term_string\"}}],\"inLanguage\":\"es\"},{\"@type\":\"Organization\",\"@id\":\"https:\/\/www.padreeustaquio.com.br\/#organization\",\"name\":\"Padre Eust\u00e1quio\",\"url\":\"https:\/\/www.padreeustaquio.com.br\/\",\"logo\":{\"@type\":\"ImageObject\",\"inLanguage\":\"es\",\"@id\":\"https:\/\/www.padreeustaquio.com.br\/#\/schema\/logo\/image\/\",\"url\":\"https:\/\/www.padreeustaquio.com.br\/wp-content\/uploads\/2019\/08\/marca.png\",\"contentUrl\":\"https:\/\/www.padreeustaquio.com.br\/wp-content\/uploads\/2019\/08\/marca.png\",\"width\":350,\"height\":400,\"caption\":\"Padre Eust\u00e1quio\"},\"image\":{\"@id\":\"https:\/\/www.padreeustaquio.com.br\/#\/schema\/logo\/image\/\"},\"sameAs\":[\"https:\/\/www.facebook.com\/beatopadreeustaquio\/\",\"https:\/\/x.com\/beatopeustaquio\",\"https:\/\/www.instagram.com\/beatopadreeustaquio\/\",\"https:\/\/www.youtube.com\/channel\/UCRhw7vfabnajwLxb1ZXMeIw\"]}]}<\/script>\n<!-- \/ Yoast SEO plugin. -->","yoast_head_json":{"title":"Oraciones de novena - Padre Eust\u00e1quio","robots":{"index":"index","follow":"follow","max-snippet":"max-snippet:-1","max-image-preview":"max-image-preview:large","max-video-preview":"max-video-preview:-1"},"canonical":"https:\/\/www.padreeustaquio.com.br\/es\/novenas-y-oraciones\/","og_locale":"es_ES","og_type":"article","og_title":"novenas e ora\u00e7\u00f5es - Padre Eust\u00e1quio","og_url":"https:\/\/www.padreeustaquio.com.br\/es\/novenas-y-oraciones\/","og_site_name":"Padre Eust\u00e1quio","article_publisher":"https:\/\/www.facebook.com\/beatopadreeustaquio\/","article_modified_time":"2025-09-16T19:07:30+00:00","og_image":[{"width":816,"height":697,"url":"https:\/\/www.padreeustaquio.com.br\/wp-content\/uploads\/2019\/07\/Padre.png","type":"image\/png"}],"twitter_card":"summary_large_image","twitter_site":"@beatopeustaquio","twitter_misc":{"Tiempo de lectura":"5 minutos"},"schema":{"@context":"https:\/\/schema.org","@graph":[{"@type":"WebPage","@id":"https:\/\/www.padreeustaquio.com.br\/novenas-e-oracoes\/","url":"https:\/\/www.padreeustaquio.com.br\/novenas-e-oracoes\/","name":"Oraciones de novena - Padre Eust\u00e1quio","isPartOf":{"@id":"https:\/\/www.padreeustaquio.com.br\/#website"},"datePublished":"2025-09-16T11:10:27+00:00","dateModified":"2025-09-16T19:07:30+00:00","breadcrumb":{"@id":"https:\/\/www.padreeustaquio.com.br\/novenas-e-oracoes\/#breadcrumb"},"inLanguage":"es","potentialAction":[{"@type":"ReadAction","target":["https:\/\/www.padreeustaquio.com.br\/novenas-e-oracoes\/"]}]},{"@type":"BreadcrumbList","@id":"https:\/\/www.padreeustaquio.com.br\/novenas-e-oracoes\/#breadcrumb","itemListElement":[{"@type":"ListItem","position":1,"name":"In\u00edcio","item":"https:\/\/www.padreeustaquio.com.br\/"},{"@type":"ListItem","position":2,"name":"novenas e ora\u00e7\u00f5es"}]},{"@type":"WebSite","@id":"https:\/\/www.padreeustaquio.com.br\/#website","url":"https:\/\/www.padreeustaquio.com.br\/","name":"Padre Eustace","description":"Salud y Paz","publisher":{"@id":"https:\/\/www.padreeustaquio.com.br\/#organization"},"potentialAction":[{"@type":"SearchAction","target":{"@type":"EntryPoint","urlTemplate":"https:\/\/www.padreeustaquio.com.br\/?s={search_term_string}"},"query-input":{"@type":"PropertyValueSpecification","valueRequired":true,"valueName":"search_term_string"}}],"inLanguage":"es"},{"@type":"Organization","@id":"https:\/\/www.padreeustaquio.com.br\/#organization","name":"Padre Eustace","url":"https:\/\/www.padreeustaquio.com.br\/","logo":{"@type":"ImageObject","inLanguage":"es","@id":"https:\/\/www.padreeustaquio.com.br\/#\/schema\/logo\/image\/","url":"https:\/\/www.padreeustaquio.com.br\/wp-content\/uploads\/2019\/08\/marca.png","contentUrl":"https:\/\/www.padreeustaquio.com.br\/wp-content\/uploads\/2019\/08\/marca.png","width":350,"height":400,"caption":"Padre Eust\u00e1quio"},"image":{"@id":"https:\/\/www.padreeustaquio.com.br\/#\/schema\/logo\/image\/"},"sameAs":["https:\/\/www.facebook.com\/beatopadreeustaquio\/","https:\/\/x.com\/beatopeustaquio","https:\/\/www.instagram.com\/beatopadreeustaquio\/","https:\/\/www.youtube.com\/channel\/UCRhw7vfabnajwLxb1ZXMeIw"]}]}},"_links":{"self":[{"href":"https:\/\/www.padreeustaquio.com.br\/es\/wp-json\/wp\/v2\/pages\/12260","targetHints":{"allow":["GET"]}}],"collection":[{"href":"https:\/\/www.padreeustaquio.com.br\/es\/wp-json\/wp\/v2\/pages"}],"about":[{"href":"https:\/\/www.padreeustaquio.com.br\/es\/wp-json\/wp\/v2\/types\/page"}],"author":[{"embeddable":true,"href":"https:\/\/www.padreeustaquio.com.br\/es\/wp-json\/wp\/v2\/users\/2"}],"replies":[{"embeddable":true,"href":"https:\/\/www.padreeustaquio.com.br\/es\/wp-json\/wp\/v2\/comments?post=12260"}],"version-history":[{"count":0,"href":"https:\/\/www.padreeustaquio.com.br\/es\/wp-json\/wp\/v2\/pages\/12260\/revisions"}],"wp:attachment":[{"href":"https:\/\/www.padreeustaquio.com.br\/es\/wp-json\/wp\/v2\/media?parent=12260"}],"curies":[{"name":"wp","href":"https:\/\/api.w.org\/{rel}","templated":true}]}}