{"id":12105,"date":"2025-09-16T07:42:52","date_gmt":"2025-09-16T10:42:52","guid":{"rendered":"https:\/\/www.padreeustaquio.com.br\/?page_id=12105"},"modified":"2026-01-20T06:40:03","modified_gmt":"2026-01-20T09:40:03","slug":"causa-de-canonizacion","status":"publish","type":"page","link":"https:\/\/www.padreeustaquio.com.br\/es\/causa-de-canonizacion\/","title":{"rendered":"causa de canonizaci\u00f3n"},"content":{"rendered":"<div data-elementor-type=\"wp-page\" data-elementor-id=\"12105\" class=\"elementor elementor-12105\" data-elementor-post-type=\"page\">\n\t\t\t\t<div class=\"elementor-element elementor-element-722621b0 e-flex e-con-boxed e-con e-parent\" data-id=\"722621b0\" data-element_type=\"container\" data-e-type=\"container\">\n\t\t\t\t\t<div class=\"e-con-inner\">\n\t\t<div class=\"elementor-element elementor-element-10fe1a18 e-con-full e-flex e-con e-child\" data-id=\"10fe1a18\" data-element_type=\"container\" data-e-type=\"container\">\n\t\t<div class=\"elementor-element elementor-element-50db09e8 e-con-full e-flex e-con e-child\" data-id=\"50db09e8\" data-element_type=\"container\" data-e-type=\"container\">\n\t\t\t\t<div class=\"elementor-element elementor-element-aa12d35 elementor-widget elementor-widget-heading\" data-id=\"aa12d35\" data-element_type=\"widget\" data-e-type=\"widget\" data-widget_type=\"heading.default\">\n\t\t\t\t\t<h1 class=\"elementor-heading-title elementor-size-default\">causa de canonizaci\u00f3n<\/h1>\t\t\t\t<\/div>\n\t\t\t\t<div class=\"elementor-element elementor-element-560c1225 elementor-widget elementor-widget-text-editor\" data-id=\"560c1225\" data-element_type=\"widget\" data-e-type=\"widget\" data-widget_type=\"text-editor.default\">\n\t\t\t\t\t\t\t\t\t<p><span style=\"font-weight: 400;\">Al observar la creciente reputaci\u00f3n de santidad de un creyente, la Iglesia Cat\u00f3lica inicia un proceso para analizar rigurosa y exhaustivamente su vida, sus virtudes heroicas y los milagros que se le atribuyen. Este procedimiento incluye la recopilaci\u00f3n y el an\u00e1lisis de documentos, escritos y testimonios que demuestran la ejemplaridad de las virtudes cristianas por parte del candidato. Adem\u00e1s, implica una investigaci\u00f3n minuciosa de los milagros atribuidos a su intercesi\u00f3n. El proceso tambi\u00e9n busca difundir su ejemplo de santidad, promover la devoci\u00f3n popular y preservar la memoria de su misi\u00f3n evangelizadora.<\/span><\/p>\t\t\t\t\t\t\t\t<\/div>\n\t\t\t\t<\/div>\n\t\t<div class=\"elementor-element elementor-element-3b468e0b e-con-full e-flex e-con e-child\" data-id=\"3b468e0b\" data-element_type=\"container\" data-e-type=\"container\">\n\t\t\t\t<div class=\"elementor-element elementor-element-634ddfda elementor-widget elementor-widget-image\" data-id=\"634ddfda\" data-element_type=\"widget\" data-e-type=\"widget\" data-widget_type=\"image.default\">\n\t\t\t\t\t\t\t\t\t\t\t\t\t\t\t<img fetchpriority=\"high\" decoding=\"async\" width=\"187\" height=\"280\" src=\"https:\/\/www.padreeustaquio.com.br\/wp-content\/uploads\/2025\/09\/padre-eustaquio01.jpg\" class=\"attachment-full size-full wp-image-12509\" alt=\"\" \/>\t\t\t\t\t\t\t\t\t\t\t\t\t\t\t<\/div>\n\t\t\t\t<\/div>\n\t\t\t\t<\/div>\n\t\t\t\t<div class=\"elementor-element elementor-element-f419e28 elementor-widget elementor-widget-heading\" data-id=\"f419e28\" data-element_type=\"widget\" data-e-type=\"widget\" data-widget_type=\"heading.default\">\n\t\t\t\t\t<h2 class=\"elementor-heading-title elementor-size-default\">La causa de canonizaci\u00f3n del Beato Padre Eustaquio<\/h2>\t\t\t\t<\/div>\n\t\t\t\t<div class=\"elementor-element elementor-element-32ad8569 elementor-widget elementor-widget-text-editor\" data-id=\"32ad8569\" data-element_type=\"widget\" data-e-type=\"widget\" data-widget_type=\"text-editor.default\">\n\t\t\t\t\t\t\t\t\t<p><span style=\"font-weight: 400;\">El Proceso de Canonizaci\u00f3n del Beato Padre Eust\u00e1quio comenz\u00f3 en 1956 con el nombramiento del Padre Alfredo Elfrink, SS.CC., como vicepostulador de la Causa. El 22 de junio de 1962, se constituy\u00f3 el Tribunal Eclesi\u00e1stico para la Fase Diocesana del Proceso. El 3 de septiembre de 1964, concluy\u00f3 el an\u00e1lisis de los escritos del Beato, sin encontrar nada que impidiera continuar la investigaci\u00f3n sobre sus virtudes. El 23 de agosto de 1966, concluy\u00f3 la Fase Diocesana y, poco despu\u00e9s, ese mismo a\u00f1o, el Padre Alfredo Elfrink, SS.CC., llev\u00f3 todo el material, incluyendo numerosos testimonios recogidos en varios estados de Brasil y en los Pa\u00edses Bajos, a la Causa de los Santos en Roma. Tras el Concilio Vaticano II, el proceso de canonizaci\u00f3n se interrumpi\u00f3 durante 12 a\u00f1os a la espera de nuevas directrices. En 1982, Dom Jo\u00e3o de Resende Costa solicit\u00f3 la reapertura del Proceso de Canonizaci\u00f3n, que fue resumido oficialmente el 19 de marzo de 1983. El 19 de marzo de 1987, el Dicasterio para las Causas de los Santos en el Vaticano aprob\u00f3 el proceso y el Padre Eust\u00e1quio fue reconocido como santo. <\/span><b>Siervo de Dios<\/b><span style=\"font-weight: 400;\">On November 12, 1997, Father Angel Lucas, SS.CC., was appointed to conduct the analysis of a miracle that occurred in 1962: the cure of cancer, which occurred in 1962 through the intercession of Father Eust\u00e1quio, in favor of Father Gon\u00e7alo Bel\u00e9m. In 1998, the miracle process was completed and sent to Rome. On April 12, 2003, Pope Saint John Paul II recognized the heroic virtues of Father Eust\u00e1quio, bestowing upon him the title of <\/span><b>Venerable.<\/b><span style=\"font-weight: 400;\"> Con la comprobaci\u00f3n t\u00e9cnica y teol\u00f3gica del milagro, el 15 de junio de 2006, el entonces Venerable Padre Eust\u00e1quio van Lieshout, sacerdote de la Congregaci\u00f3n de los Sagrados Corazones, fue declarado... <\/span><b>Bendecido<\/b><span style=\"font-weight: 400;\"> por el Papa Benedicto XVI.<\/span><\/p>\t\t\t\t\t\t\t\t<\/div>\n\t\t\t\t<div class=\"elementor-element elementor-element-92d2fb7 elementor-widget elementor-widget-heading\" data-id=\"92d2fb7\" data-element_type=\"widget\" data-e-type=\"widget\" data-widget_type=\"heading.default\">\n\t\t\t\t\t<h2 class=\"elementor-heading-title elementor-size-default\">La causa de canonizaci\u00f3n del Beato Padre Eustaquio hoy<\/h2>\t\t\t\t<\/div>\n\t\t\t\t<div class=\"elementor-element elementor-element-f467445 elementor-widget elementor-widget-text-editor\" data-id=\"f467445\" data-element_type=\"widget\" data-e-type=\"widget\" data-widget_type=\"text-editor.default\">\n\t\t\t\t\t\t\t\t\t<p><span style=\"font-weight: 400;\">Actualmente, la Causa de Canonizaci\u00f3n del Beato Padre Eustaquio contin\u00faa su misi\u00f3n de profundizar la investigaci\u00f3n sobre su vida y obra, recopilar relatos de milagros y difundir el testimonio del Misionero de la Salud y la Paz en todo el mundo. El Padre Andrzej Lukawski, ss.cc. (postulador general en Roma) y el Padre Vin\u00edcius Maciel, ss.cc. (vicepostulador en Belo Horizonte, Brasil) son responsables del proceso en curso. La Causa contin\u00faa analizando los milagros ocurridos desde su beatificaci\u00f3n el 15 de junio de 2006, que cumplen con los criterios de evaluaci\u00f3n de la Causa de los Santos. Oremos para que, pronto, el Beato Padre Eustaquio sea reconocido como Santo, para mayor honor y gloria de los Sagrados Corazones de Jes\u00fas y de Mar\u00eda y de la Iglesia.<\/span><\/p><p><strong>Usted tambi\u00e9n puede participar de la Causa de Canonizaci\u00f3n; env\u00ede sus historias de gracias recibidas al correo electr\u00f3nico: contato@padreeustaquio.com.br o <a href=\"https:\/\/www.padreeustaquio.com.br\/es\/donar-2\/\">Contribuya con donaciones.<\/a><\/strong><\/p>\t\t\t\t\t\t\t\t<\/div>\n\t\t\t\t\t<\/div>\n\t\t\t\t<\/div>\n\t\t<div class=\"elementor-element elementor-element-10124662 e-flex e-con-boxed e-con e-parent\" data-id=\"10124662\" data-element_type=\"container\" data-e-type=\"container\">\n\t\t\t\t\t<div class=\"e-con-inner\">\n\t\t<div class=\"elementor-element elementor-element-d13c869 e-con-full e-flex e-con e-child\" data-id=\"d13c869\" data-element_type=\"container\" data-e-type=\"container\">\n\t\t\t\t<div class=\"elementor-element elementor-element-58338baf elementor-widget elementor-widget-image\" data-id=\"58338baf\" data-element_type=\"widget\" data-e-type=\"widget\" data-widget_type=\"image.default\">\n\t\t\t\t\t\t\t\t\t\t\t\t\t\t\t<img decoding=\"async\" width=\"641\" height=\"430\" src=\"https:\/\/www.padreeustaquio.com.br\/wp-content\/uploads\/2025\/09\/2-1.jpg\" class=\"attachment-large size-large wp-image-12511\" alt=\"\" srcset=\"https:\/\/www.padreeustaquio.com.br\/wp-content\/uploads\/2025\/09\/2-1.jpg 641w, https:\/\/www.padreeustaquio.com.br\/wp-content\/uploads\/2025\/09\/2-1-300x201.jpg 300w\" sizes=\"(max-width: 641px) 100vw, 641px\" \/>\t\t\t\t\t\t\t\t\t\t\t\t\t\t\t<\/div>\n\t\t\t\t<div class=\"elementor-element elementor-element-c4bcb01 elementor-widget elementor-widget-text-editor\" data-id=\"c4bcb01\" data-element_type=\"widget\" data-e-type=\"widget\" data-widget_type=\"text-editor.default\">\n\t\t\t\t\t\t\t\t\t<p>1966 \u2013 Primera parte del proceso completada, lista para ser presentada al Vaticano.<\/p>\t\t\t\t\t\t\t\t<\/div>\n\t\t\t\t<\/div>\n\t\t<div class=\"elementor-element elementor-element-7993a83f e-con-full e-flex e-con e-child\" data-id=\"7993a83f\" data-element_type=\"container\" data-e-type=\"container\">\n\t\t\t\t<div class=\"elementor-element elementor-element-65f537f3 elementor-widget elementor-widget-image\" data-id=\"65f537f3\" data-element_type=\"widget\" data-e-type=\"widget\" data-widget_type=\"image.default\">\n\t\t\t\t\t\t\t\t\t\t\t\t\t\t\t<img decoding=\"async\" width=\"674\" height=\"449\" src=\"https:\/\/www.padreeustaquio.com.br\/wp-content\/uploads\/2025\/09\/3-1.jpg\" class=\"attachment-large size-large wp-image-12512\" alt=\"\" srcset=\"https:\/\/www.padreeustaquio.com.br\/wp-content\/uploads\/2025\/09\/3-1.jpg 674w, https:\/\/www.padreeustaquio.com.br\/wp-content\/uploads\/2025\/09\/3-1-300x200.jpg 300w\" sizes=\"(max-width: 674px) 100vw, 674px\" \/>\t\t\t\t\t\t\t\t\t\t\t\t\t\t\t<\/div>\n\t\t\t\t<div class=\"elementor-element elementor-element-a0cec41 elementor-widget elementor-widget-text-editor\" data-id=\"a0cec41\" data-element_type=\"widget\" data-e-type=\"widget\" data-widget_type=\"text-editor.default\">\n\t\t\t\t\t\t\t\t\t<p>Beatificaci\u00f3n en el Estadio Mineir\u00e3o \u2013 ceremonia reuni\u00f3 80 mil personas.<\/p>\t\t\t\t\t\t\t\t<\/div>\n\t\t\t\t<\/div>\n\t\t\t\t\t<\/div>\n\t\t\t\t<\/div>\n\t\t\t\t<\/div>","protected":false},"excerpt":{"rendered":"<p>Causa de Canoniza\u00e7\u00e3o Ao perceber o crescimento da fama de santidade de um fiel, a Igreja Cat\u00f3lica d\u00e1 in\u00edcio a um processo que tem como objetivo analisar, com rigor e profundidade, a vida, as virtudes heroicas e os eventuais milagres atribu\u00eddos \u00e0 pessoa. Esse procedimento inclui a coleta e a an\u00e1lise de documentos, escritos e testemunhos que comprovem a viv\u00eancia exemplar das virtudes crist\u00e3s por parte do candidato. Al\u00e9m disso, envolve uma investiga\u00e7\u00e3o minuciosa dos milagres atribu\u00eddos \u00e0 sua intercess\u00e3o. O processo tamb\u00e9m busca divulgar seu exemplo de santidade, promovendo a devo\u00e7\u00e3o popular e preservando a mem\u00f3ria de sua miss\u00e3o [&hellip;]<\/p>\n","protected":false},"author":2,"featured_media":0,"parent":0,"menu_order":0,"comment_status":"closed","ping_status":"closed","template":"elementor_header_footer","meta":{"_acf_changed":false,"footnotes":""},"class_list":["post-12105","page","type-page","status-publish","hentry"],"acf":[],"yoast_head":"<!-- This site is optimized with the Yoast SEO plugin v27.2 - https:\/\/yoast.com\/product\/yoast-seo-wordpress\/ -->\n<title>Causa de Canoniza\u00e7\u00e3o - Padre Eust\u00e1quio<\/title>\n<meta name=\"robots\" content=\"index, follow, max-snippet:-1, max-image-preview:large, max-video-preview:-1\" \/>\n<link rel=\"canonical\" href=\"https:\/\/www.padreeustaquio.com.br\/es\/causa-de-canonizacion\/\" \/>\n<meta property=\"og:locale\" content=\"es_ES\" \/>\n<meta property=\"og:type\" content=\"article\" \/>\n<meta property=\"og:title\" content=\"Causa de Canoniza\u00e7\u00e3o - Padre Eust\u00e1quio\" \/>\n<meta property=\"og:description\" content=\"Causa de Canoniza\u00e7\u00e3o Ao perceber o crescimento da fama de santidade de um fiel, a Igreja Cat\u00f3lica d\u00e1 in\u00edcio a um processo que tem como objetivo analisar, com rigor e profundidade, a vida, as virtudes heroicas e os eventuais milagres atribu\u00eddos \u00e0 pessoa. Esse procedimento inclui a coleta e a an\u00e1lise de documentos, escritos e testemunhos que comprovem a viv\u00eancia exemplar das virtudes crist\u00e3s por parte do candidato. Al\u00e9m disso, envolve uma investiga\u00e7\u00e3o minuciosa dos milagres atribu\u00eddos \u00e0 sua intercess\u00e3o. O processo tamb\u00e9m busca divulgar seu exemplo de santidade, promovendo a devo\u00e7\u00e3o popular e preservando a mem\u00f3ria de sua miss\u00e3o [&hellip;]\" \/>\n<meta property=\"og:url\" content=\"https:\/\/www.padreeustaquio.com.br\/es\/causa-de-canonizacion\/\" \/>\n<meta property=\"og:site_name\" content=\"Padre Eust\u00e1quio\" \/>\n<meta property=\"article:publisher\" content=\"https:\/\/www.facebook.com\/beatopadreeustaquio\/\" \/>\n<meta property=\"article:modified_time\" content=\"2026-01-20T09:40:03+00:00\" \/>\n<meta property=\"og:image\" content=\"https:\/\/www.padreeustaquio.com.br\/wp-content\/uploads\/2025\/09\/padre-eustaquio01.jpg\" \/>\n\t<meta property=\"og:image:width\" content=\"187\" \/>\n\t<meta property=\"og:image:height\" content=\"280\" \/>\n\t<meta property=\"og:image:type\" content=\"image\/jpeg\" \/>\n<meta name=\"twitter:card\" content=\"summary_large_image\" \/>\n<meta name=\"twitter:site\" content=\"@beatopeustaquio\" \/>\n<meta name=\"twitter:label1\" content=\"Tiempo de lectura\" \/>\n\t<meta name=\"twitter:data1\" content=\"4 minutos\" \/>\n<script type=\"application\/ld+json\" class=\"yoast-schema-graph\">{\"@context\":\"https:\/\/schema.org\",\"@graph\":[{\"@type\":\"WebPage\",\"@id\":\"https:\/\/www.padreeustaquio.com.br\/causa-de-canonizacao\/\",\"url\":\"https:\/\/www.padreeustaquio.com.br\/causa-de-canonizacao\/\",\"name\":\"Causa de Canoniza\u00e7\u00e3o - Padre Eust\u00e1quio\",\"isPartOf\":{\"@id\":\"https:\/\/www.padreeustaquio.com.br\/#website\"},\"primaryImageOfPage\":{\"@id\":\"https:\/\/www.padreeustaquio.com.br\/causa-de-canonizacao\/#primaryimage\"},\"image\":{\"@id\":\"https:\/\/www.padreeustaquio.com.br\/causa-de-canonizacao\/#primaryimage\"},\"thumbnailUrl\":\"https:\/\/www.padreeustaquio.com.br\/wp-content\/uploads\/2025\/09\/padre-eustaquio01.jpg\",\"datePublished\":\"2025-09-16T10:42:52+00:00\",\"dateModified\":\"2026-01-20T09:40:03+00:00\",\"breadcrumb\":{\"@id\":\"https:\/\/www.padreeustaquio.com.br\/causa-de-canonizacao\/#breadcrumb\"},\"inLanguage\":\"es\",\"potentialAction\":[{\"@type\":\"ReadAction\",\"target\":[\"https:\/\/www.padreeustaquio.com.br\/causa-de-canonizacao\/\"]}]},{\"@type\":\"ImageObject\",\"inLanguage\":\"es\",\"@id\":\"https:\/\/www.padreeustaquio.com.br\/causa-de-canonizacao\/#primaryimage\",\"url\":\"https:\/\/www.padreeustaquio.com.br\/wp-content\/uploads\/2025\/09\/padre-eustaquio01.jpg\",\"contentUrl\":\"https:\/\/www.padreeustaquio.com.br\/wp-content\/uploads\/2025\/09\/padre-eustaquio01.jpg\"},{\"@type\":\"BreadcrumbList\",\"@id\":\"https:\/\/www.padreeustaquio.com.br\/causa-de-canonizacao\/#breadcrumb\",\"itemListElement\":[{\"@type\":\"ListItem\",\"position\":1,\"name\":\"In\u00edcio\",\"item\":\"https:\/\/www.padreeustaquio.com.br\/\"},{\"@type\":\"ListItem\",\"position\":2,\"name\":\"Causa de Canoniza\u00e7\u00e3o\"}]},{\"@type\":\"WebSite\",\"@id\":\"https:\/\/www.padreeustaquio.com.br\/#website\",\"url\":\"https:\/\/www.padreeustaquio.com.br\/\",\"name\":\"Padre Eust\u00e1quio\",\"description\":\"Sa\u00fade e Paz\",\"publisher\":{\"@id\":\"https:\/\/www.padreeustaquio.com.br\/#organization\"},\"potentialAction\":[{\"@type\":\"SearchAction\",\"target\":{\"@type\":\"EntryPoint\",\"urlTemplate\":\"https:\/\/www.padreeustaquio.com.br\/?s={search_term_string}\"},\"query-input\":{\"@type\":\"PropertyValueSpecification\",\"valueRequired\":true,\"valueName\":\"search_term_string\"}}],\"inLanguage\":\"es\"},{\"@type\":\"Organization\",\"@id\":\"https:\/\/www.padreeustaquio.com.br\/#organization\",\"name\":\"Padre Eust\u00e1quio\",\"url\":\"https:\/\/www.padreeustaquio.com.br\/\",\"logo\":{\"@type\":\"ImageObject\",\"inLanguage\":\"es\",\"@id\":\"https:\/\/www.padreeustaquio.com.br\/#\/schema\/logo\/image\/\",\"url\":\"https:\/\/www.padreeustaquio.com.br\/wp-content\/uploads\/2019\/08\/marca.png\",\"contentUrl\":\"https:\/\/www.padreeustaquio.com.br\/wp-content\/uploads\/2019\/08\/marca.png\",\"width\":350,\"height\":400,\"caption\":\"Padre Eust\u00e1quio\"},\"image\":{\"@id\":\"https:\/\/www.padreeustaquio.com.br\/#\/schema\/logo\/image\/\"},\"sameAs\":[\"https:\/\/www.facebook.com\/beatopadreeustaquio\/\",\"https:\/\/x.com\/beatopeustaquio\",\"https:\/\/www.instagram.com\/beatopadreeustaquio\/\",\"https:\/\/www.youtube.com\/channel\/UCRhw7vfabnajwLxb1ZXMeIw\"]}]}<\/script>\n<!-- \/ Yoast SEO plugin. -->","yoast_head_json":{"title":"Causa de canonizaci\u00f3n - Padre Eust\u00e1quio","robots":{"index":"index","follow":"follow","max-snippet":"max-snippet:-1","max-image-preview":"max-image-preview:large","max-video-preview":"max-video-preview:-1"},"canonical":"https:\/\/www.padreeustaquio.com.br\/es\/causa-de-canonizacion\/","og_locale":"es_ES","og_type":"article","og_title":"Causa de Canoniza\u00e7\u00e3o - Padre Eust\u00e1quio","og_description":"Causa de Canoniza\u00e7\u00e3o Ao perceber o crescimento da fama de santidade de um fiel, a Igreja Cat\u00f3lica d\u00e1 in\u00edcio a um processo que tem como objetivo analisar, com rigor e profundidade, a vida, as virtudes heroicas e os eventuais milagres atribu\u00eddos \u00e0 pessoa. Esse procedimento inclui a coleta e a an\u00e1lise de documentos, escritos e testemunhos que comprovem a viv\u00eancia exemplar das virtudes crist\u00e3s por parte do candidato. Al\u00e9m disso, envolve uma investiga\u00e7\u00e3o minuciosa dos milagres atribu\u00eddos \u00e0 sua intercess\u00e3o. O processo tamb\u00e9m busca divulgar seu exemplo de santidade, promovendo a devo\u00e7\u00e3o popular e preservando a mem\u00f3ria de sua miss\u00e3o [&hellip;]","og_url":"https:\/\/www.padreeustaquio.com.br\/es\/causa-de-canonizacion\/","og_site_name":"Padre Eust\u00e1quio","article_publisher":"https:\/\/www.facebook.com\/beatopadreeustaquio\/","article_modified_time":"2026-01-20T09:40:03+00:00","og_image":[{"width":187,"height":280,"url":"https:\/\/www.padreeustaquio.com.br\/wp-content\/uploads\/2025\/09\/padre-eustaquio01.jpg","type":"image\/jpeg"}],"twitter_card":"summary_large_image","twitter_site":"@beatopeustaquio","twitter_misc":{"Tiempo de lectura":"4 minutos"},"schema":{"@context":"https:\/\/schema.org","@graph":[{"@type":"WebPage","@id":"https:\/\/www.padreeustaquio.com.br\/causa-de-canonizacao\/","url":"https:\/\/www.padreeustaquio.com.br\/causa-de-canonizacao\/","name":"Causa de canonizaci\u00f3n - Padre Eust\u00e1quio","isPartOf":{"@id":"https:\/\/www.padreeustaquio.com.br\/#website"},"primaryImageOfPage":{"@id":"https:\/\/www.padreeustaquio.com.br\/causa-de-canonizacao\/#primaryimage"},"image":{"@id":"https:\/\/www.padreeustaquio.com.br\/causa-de-canonizacao\/#primaryimage"},"thumbnailUrl":"https:\/\/www.padreeustaquio.com.br\/wp-content\/uploads\/2025\/09\/padre-eustaquio01.jpg","datePublished":"2025-09-16T10:42:52+00:00","dateModified":"2026-01-20T09:40:03+00:00","breadcrumb":{"@id":"https:\/\/www.padreeustaquio.com.br\/causa-de-canonizacao\/#breadcrumb"},"inLanguage":"es","potentialAction":[{"@type":"ReadAction","target":["https:\/\/www.padreeustaquio.com.br\/causa-de-canonizacao\/"]}]},{"@type":"ImageObject","inLanguage":"es","@id":"https:\/\/www.padreeustaquio.com.br\/causa-de-canonizacao\/#primaryimage","url":"https:\/\/www.padreeustaquio.com.br\/wp-content\/uploads\/2025\/09\/padre-eustaquio01.jpg","contentUrl":"https:\/\/www.padreeustaquio.com.br\/wp-content\/uploads\/2025\/09\/padre-eustaquio01.jpg"},{"@type":"BreadcrumbList","@id":"https:\/\/www.padreeustaquio.com.br\/causa-de-canonizacao\/#breadcrumb","itemListElement":[{"@type":"ListItem","position":1,"name":"In\u00edcio","item":"https:\/\/www.padreeustaquio.com.br\/"},{"@type":"ListItem","position":2,"name":"Causa de Canoniza\u00e7\u00e3o"}]},{"@type":"WebSite","@id":"https:\/\/www.padreeustaquio.com.br\/#website","url":"https:\/\/www.padreeustaquio.com.br\/","name":"Padre Eustace","description":"Salud y Paz","publisher":{"@id":"https:\/\/www.padreeustaquio.com.br\/#organization"},"potentialAction":[{"@type":"SearchAction","target":{"@type":"EntryPoint","urlTemplate":"https:\/\/www.padreeustaquio.com.br\/?s={search_term_string}"},"query-input":{"@type":"PropertyValueSpecification","valueRequired":true,"valueName":"search_term_string"}}],"inLanguage":"es"},{"@type":"Organization","@id":"https:\/\/www.padreeustaquio.com.br\/#organization","name":"Padre Eustace","url":"https:\/\/www.padreeustaquio.com.br\/","logo":{"@type":"ImageObject","inLanguage":"es","@id":"https:\/\/www.padreeustaquio.com.br\/#\/schema\/logo\/image\/","url":"https:\/\/www.padreeustaquio.com.br\/wp-content\/uploads\/2019\/08\/marca.png","contentUrl":"https:\/\/www.padreeustaquio.com.br\/wp-content\/uploads\/2019\/08\/marca.png","width":350,"height":400,"caption":"Padre Eust\u00e1quio"},"image":{"@id":"https:\/\/www.padreeustaquio.com.br\/#\/schema\/logo\/image\/"},"sameAs":["https:\/\/www.facebook.com\/beatopadreeustaquio\/","https:\/\/x.com\/beatopeustaquio","https:\/\/www.instagram.com\/beatopadreeustaquio\/","https:\/\/www.youtube.com\/channel\/UCRhw7vfabnajwLxb1ZXMeIw"]}]}},"_links":{"self":[{"href":"https:\/\/www.padreeustaquio.com.br\/es\/wp-json\/wp\/v2\/pages\/12105","targetHints":{"allow":["GET"]}}],"collection":[{"href":"https:\/\/www.padreeustaquio.com.br\/es\/wp-json\/wp\/v2\/pages"}],"about":[{"href":"https:\/\/www.padreeustaquio.com.br\/es\/wp-json\/wp\/v2\/types\/page"}],"author":[{"embeddable":true,"href":"https:\/\/www.padreeustaquio.com.br\/es\/wp-json\/wp\/v2\/users\/2"}],"replies":[{"embeddable":true,"href":"https:\/\/www.padreeustaquio.com.br\/es\/wp-json\/wp\/v2\/comments?post=12105"}],"version-history":[{"count":21,"href":"https:\/\/www.padreeustaquio.com.br\/es\/wp-json\/wp\/v2\/pages\/12105\/revisions"}],"predecessor-version":[{"id":13499,"href":"https:\/\/www.padreeustaquio.com.br\/es\/wp-json\/wp\/v2\/pages\/12105\/revisions\/13499"}],"wp:attachment":[{"href":"https:\/\/www.padreeustaquio.com.br\/es\/wp-json\/wp\/v2\/media?parent=12105"}],"curies":[{"name":"wp","href":"https:\/\/api.w.org\/{rel}","templated":true}]}}