{"id":3620,"date":"2025-11-28T07:43:23","date_gmt":"2025-11-28T10:43:23","guid":{"rendered":"http:\/\/br606.teste.website\/~padre078\/padreeustaquio.com.br\/?page_id=3620"},"modified":"2025-11-28T07:43:23","modified_gmt":"2025-11-28T10:43:23","slug":"home","status":"publish","type":"page","link":"https:\/\/www.padreeustaquio.com.br\/en\/home\/","title":{"rendered":"Home"},"content":{"rendered":"","protected":false},"excerpt":{"rendered":"","protected":false},"author":6,"featured_media":0,"parent":0,"menu_order":0,"comment_status":"closed","ping_status":"closed","template":"page_builder.php","meta":{"_acf_changed":false,"footnotes":""},"class_list":["post-3620","page","type-page","status-publish","hentry"],"acf":[],"yoast_head":"<!-- This site is optimized with the Yoast SEO plugin v27.2 - https:\/\/yoast.com\/product\/yoast-seo-wordpress\/ -->\n<title>Home - Padre Eust\u00e1quio<\/title>\n<meta name=\"description\" content=\"A Vice-postula\u00e7\u00e3o, que trabalha com o processo de Canoniza\u00e7\u00e3o de Padre Eust\u00e1quio, \u00e9 uma institui\u00e7\u00e3o da igreja Cat\u00f3lica, ligada \u00e0 Postula\u00e7\u00e3o Geral da Causa e \u00e0 Congrega\u00e7\u00e3o da Causa dos Santos, (sediadas em Roma). Temos como miss\u00e3o reunir todo o material envolvendo fatos extraordin\u00e1rios atribu\u00eddos \u00e0 intercess\u00e3o do Beato Padre Eust\u00e1quio van Lieshout.Al\u00e9m de sermos respons\u00e1veis pelo processo de canoniza\u00e7\u00e3o, tamb\u00e9m temos o dever de divulgar a devo\u00e7\u00e3o ao Beato pelo Brasil e pelo mundo. Este trabalho consiste em apresentar a vida e a hist\u00f3ria deste religioso, difundindo sua venera\u00e7\u00e3o entre o povo de Deus, estimulando tamb\u00e9m que as pessoas pe\u00e7am gra\u00e7as pela intercess\u00e3o dele. palavra Postula\u00e7\u00e3o \u00e9 muito comum do mundo eclesi\u00e1stico, sendo tamb\u00e9m a raiz da palavra &quot;postulante&quot;, ou seja, um pedido para que uma pessoa seja admitida em algo ou algum lugar. Neste processo existem: um Postulador Geral e um Vice-postulador. O vice trabalha junto \u00e0 comunidade onde o Servo de Deus exerceu sua miss\u00e3o, j\u00e1 o Postulador representa a Causa em Roma junto \u00e0 Congrega\u00e7\u00e3o das Causas dos Santos.Em Belo Horizonte-MG, Brasil, onde est\u00e1 o secretariado da Vice-postula\u00e7\u00e3o, uma equipe trabalha administrando e divulgando a causa por meios eletr\u00f4nicos (sites e redes sociais) e com a venda de artigos religiosos (dentre eles imagens, livros, ora\u00e7\u00f5es e outros objetos de cunho devocional). A comercializa\u00e7\u00e3o deste material e as doa\u00e7\u00f5es recebidas s\u00e3o o que custeiam os gastos relacionados ao processo de canoniza\u00e7\u00e3o.\" \/>\n<meta name=\"robots\" content=\"index, follow, max-snippet:-1, max-image-preview:large, max-video-preview:-1\" \/>\n<link rel=\"canonical\" href=\"https:\/\/www.padreeustaquio.com.br\/en\/home\/\" \/>\n<meta property=\"og:locale\" content=\"en_US\" \/>\n<meta property=\"og:type\" content=\"article\" \/>\n<meta property=\"og:title\" content=\"Home - Padre Eust\u00e1quio\" \/>\n<meta property=\"og:description\" content=\"A Vice-postula\u00e7\u00e3o, que trabalha com o processo de Canoniza\u00e7\u00e3o de Padre Eust\u00e1quio, \u00e9 uma institui\u00e7\u00e3o da igreja Cat\u00f3lica, ligada \u00e0 Postula\u00e7\u00e3o Geral da Causa e \u00e0 Congrega\u00e7\u00e3o da Causa dos Santos, (sediadas em Roma). Temos como miss\u00e3o reunir todo o material envolvendo fatos extraordin\u00e1rios atribu\u00eddos \u00e0 intercess\u00e3o do Beato Padre Eust\u00e1quio van Lieshout.Al\u00e9m de sermos respons\u00e1veis pelo processo de canoniza\u00e7\u00e3o, tamb\u00e9m temos o dever de divulgar a devo\u00e7\u00e3o ao Beato pelo Brasil e pelo mundo. Este trabalho consiste em apresentar a vida e a hist\u00f3ria deste religioso, difundindo sua venera\u00e7\u00e3o entre o povo de Deus, estimulando tamb\u00e9m que as pessoas pe\u00e7am gra\u00e7as pela intercess\u00e3o dele. palavra Postula\u00e7\u00e3o \u00e9 muito comum do mundo eclesi\u00e1stico, sendo tamb\u00e9m a raiz da palavra &quot;postulante&quot;, ou seja, um pedido para que uma pessoa seja admitida em algo ou algum lugar. Neste processo existem: um Postulador Geral e um Vice-postulador. O vice trabalha junto \u00e0 comunidade onde o Servo de Deus exerceu sua miss\u00e3o, j\u00e1 o Postulador representa a Causa em Roma junto \u00e0 Congrega\u00e7\u00e3o das Causas dos Santos.Em Belo Horizonte-MG, Brasil, onde est\u00e1 o secretariado da Vice-postula\u00e7\u00e3o, uma equipe trabalha administrando e divulgando a causa por meios eletr\u00f4nicos (sites e redes sociais) e com a venda de artigos religiosos (dentre eles imagens, livros, ora\u00e7\u00f5es e outros objetos de cunho devocional). A comercializa\u00e7\u00e3o deste material e as doa\u00e7\u00f5es recebidas s\u00e3o o que custeiam os gastos relacionados ao processo de canoniza\u00e7\u00e3o.\" \/>\n<meta property=\"og:url\" content=\"https:\/\/www.padreeustaquio.com.br\/en\/home\/\" \/>\n<meta property=\"og:site_name\" content=\"Padre Eust\u00e1quio\" \/>\n<meta property=\"article:publisher\" content=\"https:\/\/www.facebook.com\/beatopadreeustaquio\/\" \/>\n<meta property=\"og:image\" content=\"https:\/\/www.padreeustaquio.com.br\/wp-content\/uploads\/2019\/07\/Padre.png\" \/>\n\t<meta property=\"og:image:width\" content=\"816\" \/>\n\t<meta property=\"og:image:height\" content=\"697\" \/>\n\t<meta property=\"og:image:type\" content=\"image\/png\" \/>\n<meta name=\"twitter:card\" content=\"summary_large_image\" \/>\n<meta name=\"twitter:site\" content=\"@beatopeustaquio\" \/>\n<script type=\"application\/ld+json\" class=\"yoast-schema-graph\">{\"@context\":\"https:\/\/schema.org\",\"@graph\":[{\"@type\":\"WebPage\",\"@id\":\"https:\/\/www.padreeustaquio.com.br\/home\/\",\"url\":\"https:\/\/www.padreeustaquio.com.br\/home\/\",\"name\":\"Home - Padre Eust\u00e1quio\",\"isPartOf\":{\"@id\":\"https:\/\/www.padreeustaquio.com.br\/#website\"},\"datePublished\":\"2025-11-28T10:43:23+00:00\",\"description\":\"A Vice-postula\u00e7\u00e3o, que trabalha com o processo de Canoniza\u00e7\u00e3o de Padre Eust\u00e1quio, \u00e9 uma institui\u00e7\u00e3o da igreja Cat\u00f3lica, ligada \u00e0 Postula\u00e7\u00e3o Geral da Causa e \u00e0 Congrega\u00e7\u00e3o da Causa dos Santos, (sediadas em Roma). Temos como miss\u00e3o reunir todo o material envolvendo fatos extraordin\u00e1rios atribu\u00eddos \u00e0 intercess\u00e3o do Beato Padre Eust\u00e1quio van Lieshout.Al\u00e9m de sermos respons\u00e1veis pelo processo de canoniza\u00e7\u00e3o, tamb\u00e9m temos o dever de divulgar a devo\u00e7\u00e3o ao Beato pelo Brasil e pelo mundo. Este trabalho consiste em apresentar a vida e a hist\u00f3ria deste religioso, difundindo sua venera\u00e7\u00e3o entre o povo de Deus, estimulando tamb\u00e9m que as pessoas pe\u00e7am gra\u00e7as pela intercess\u00e3o dele. palavra Postula\u00e7\u00e3o \u00e9 muito comum do mundo eclesi\u00e1stico, sendo tamb\u00e9m a raiz da palavra \\\"postulante\\\", ou seja, um pedido para que uma pessoa seja admitida em algo ou algum lugar. Neste processo existem: um Postulador Geral e um Vice-postulador. O vice trabalha junto \u00e0 comunidade onde o Servo de Deus exerceu sua miss\u00e3o, j\u00e1 o Postulador representa a Causa em Roma junto \u00e0 Congrega\u00e7\u00e3o das Causas dos Santos.Em Belo Horizonte-MG, Brasil, onde est\u00e1 o secretariado da Vice-postula\u00e7\u00e3o, uma equipe trabalha administrando e divulgando a causa por meios eletr\u00f4nicos (sites e redes sociais) e com a venda de artigos religiosos (dentre eles imagens, livros, ora\u00e7\u00f5es e outros objetos de cunho devocional). A comercializa\u00e7\u00e3o deste material e as doa\u00e7\u00f5es recebidas s\u00e3o o que custeiam os gastos relacionados ao processo de canoniza\u00e7\u00e3o.\",\"breadcrumb\":{\"@id\":\"https:\/\/www.padreeustaquio.com.br\/home\/#breadcrumb\"},\"inLanguage\":\"en-US\",\"potentialAction\":[{\"@type\":\"ReadAction\",\"target\":[\"https:\/\/www.padreeustaquio.com.br\/home\/\"]}]},{\"@type\":\"BreadcrumbList\",\"@id\":\"https:\/\/www.padreeustaquio.com.br\/home\/#breadcrumb\",\"itemListElement\":[{\"@type\":\"ListItem\",\"position\":1,\"name\":\"In\u00edcio\",\"item\":\"https:\/\/www.padreeustaquio.com.br\/\"},{\"@type\":\"ListItem\",\"position\":2,\"name\":\"Home\"}]},{\"@type\":\"WebSite\",\"@id\":\"https:\/\/www.padreeustaquio.com.br\/#website\",\"url\":\"https:\/\/www.padreeustaquio.com.br\/\",\"name\":\"Padre Eust\u00e1quio\",\"description\":\"Sa\u00fade e Paz\",\"publisher\":{\"@id\":\"https:\/\/www.padreeustaquio.com.br\/#organization\"},\"potentialAction\":[{\"@type\":\"SearchAction\",\"target\":{\"@type\":\"EntryPoint\",\"urlTemplate\":\"https:\/\/www.padreeustaquio.com.br\/?s={search_term_string}\"},\"query-input\":{\"@type\":\"PropertyValueSpecification\",\"valueRequired\":true,\"valueName\":\"search_term_string\"}}],\"inLanguage\":\"en-US\"},{\"@type\":\"Organization\",\"@id\":\"https:\/\/www.padreeustaquio.com.br\/#organization\",\"name\":\"Padre Eust\u00e1quio\",\"url\":\"https:\/\/www.padreeustaquio.com.br\/\",\"logo\":{\"@type\":\"ImageObject\",\"inLanguage\":\"en-US\",\"@id\":\"https:\/\/www.padreeustaquio.com.br\/#\/schema\/logo\/image\/\",\"url\":\"https:\/\/www.padreeustaquio.com.br\/wp-content\/uploads\/2019\/08\/marca.png\",\"contentUrl\":\"https:\/\/www.padreeustaquio.com.br\/wp-content\/uploads\/2019\/08\/marca.png\",\"width\":350,\"height\":400,\"caption\":\"Padre Eust\u00e1quio\"},\"image\":{\"@id\":\"https:\/\/www.padreeustaquio.com.br\/#\/schema\/logo\/image\/\"},\"sameAs\":[\"https:\/\/www.facebook.com\/beatopadreeustaquio\/\",\"https:\/\/x.com\/beatopeustaquio\",\"https:\/\/www.instagram.com\/beatopadreeustaquio\/\",\"https:\/\/www.youtube.com\/channel\/UCRhw7vfabnajwLxb1ZXMeIw\"]}]}<\/script>\n<!-- \/ Yoast SEO plugin. -->","yoast_head_json":{"title":"Home - Father Eust\u00e1quio","description":"The Vice-Postulation, which works on the Canonization process of Father Eust\u00e1quio, is an institution of the Catholic Church, linked to the General Postulation of the Cause and the Congregation for the Causes of Saints (based in Rome). Our mission is to gather all the material involving extraordinary events attributed to the intercession of Blessed Father Eust\u00e1quio van Lieshout. Besides being responsible for the canonization process, we also have the duty to spread devotion to the Blessed throughout Brazil and the world. This work consists of presenting the life and history of this religious figure, spreading his veneration among the people of God, and encouraging people to ask for graces through his intercession. The word &quot;Postulation&quot; is very common in the ecclesiastical world, and is also the root of the word &quot;postulant,&quot; meaning a request for a person to be admitted to something or some place. In this process there are: a General Postulator and a Vice-Postulator. The Vice-Postulator works with the community where the Servant of God carried out his mission, while the Postulator represents the Cause in Rome at the Congregation for the Causes of Saints. In Belo Horizonte-MG, Brazil, where the Vice-Postulation secretariat is located, a team works managing and promoting the cause through electronic means (websites and social networks) and through the sale of religious articles (including images, books, prayers, and other devotional objects). The sale of this material and the donations received cover the expenses related to the canonization process.","robots":{"index":"index","follow":"follow","max-snippet":"max-snippet:-1","max-image-preview":"max-image-preview:large","max-video-preview":"max-video-preview:-1"},"canonical":"https:\/\/www.padreeustaquio.com.br\/en\/home\/","og_locale":"en_US","og_type":"article","og_title":"Home - Padre Eust\u00e1quio","og_description":"A Vice-postula\u00e7\u00e3o, que trabalha com o processo de Canoniza\u00e7\u00e3o de Padre Eust\u00e1quio, \u00e9 uma institui\u00e7\u00e3o da igreja Cat\u00f3lica, ligada \u00e0 Postula\u00e7\u00e3o Geral da Causa e \u00e0 Congrega\u00e7\u00e3o da Causa dos Santos, (sediadas em Roma). Temos como miss\u00e3o reunir todo o material envolvendo fatos extraordin\u00e1rios atribu\u00eddos \u00e0 intercess\u00e3o do Beato Padre Eust\u00e1quio van Lieshout.Al\u00e9m de sermos respons\u00e1veis pelo processo de canoniza\u00e7\u00e3o, tamb\u00e9m temos o dever de divulgar a devo\u00e7\u00e3o ao Beato pelo Brasil e pelo mundo. Este trabalho consiste em apresentar a vida e a hist\u00f3ria deste religioso, difundindo sua venera\u00e7\u00e3o entre o povo de Deus, estimulando tamb\u00e9m que as pessoas pe\u00e7am gra\u00e7as pela intercess\u00e3o dele. palavra Postula\u00e7\u00e3o \u00e9 muito comum do mundo eclesi\u00e1stico, sendo tamb\u00e9m a raiz da palavra \"postulante\", ou seja, um pedido para que uma pessoa seja admitida em algo ou algum lugar. Neste processo existem: um Postulador Geral e um Vice-postulador. O vice trabalha junto \u00e0 comunidade onde o Servo de Deus exerceu sua miss\u00e3o, j\u00e1 o Postulador representa a Causa em Roma junto \u00e0 Congrega\u00e7\u00e3o das Causas dos Santos.Em Belo Horizonte-MG, Brasil, onde est\u00e1 o secretariado da Vice-postula\u00e7\u00e3o, uma equipe trabalha administrando e divulgando a causa por meios eletr\u00f4nicos (sites e redes sociais) e com a venda de artigos religiosos (dentre eles imagens, livros, ora\u00e7\u00f5es e outros objetos de cunho devocional). A comercializa\u00e7\u00e3o deste material e as doa\u00e7\u00f5es recebidas s\u00e3o o que custeiam os gastos relacionados ao processo de canoniza\u00e7\u00e3o.","og_url":"https:\/\/www.padreeustaquio.com.br\/en\/home\/","og_site_name":"Padre Eust\u00e1quio","article_publisher":"https:\/\/www.facebook.com\/beatopadreeustaquio\/","og_image":[{"width":816,"height":697,"url":"https:\/\/www.padreeustaquio.com.br\/wp-content\/uploads\/2019\/07\/Padre.png","type":"image\/png"}],"twitter_card":"summary_large_image","twitter_site":"@beatopeustaquio","schema":{"@context":"https:\/\/schema.org","@graph":[{"@type":"WebPage","@id":"https:\/\/www.padreeustaquio.com.br\/home\/","url":"https:\/\/www.padreeustaquio.com.br\/home\/","name":"Home - Father Eust\u00e1quio","isPartOf":{"@id":"https:\/\/www.padreeustaquio.com.br\/#website"},"datePublished":"2025-11-28T10:43:23+00:00","description":"The Vice-Postulation, which works on the Canonization process of Father Eust\u00e1quio, is an institution of the Catholic Church, linked to the General Postulation of the Cause and the Congregation for the Causes of Saints (based in Rome). Our mission is to gather all the material involving extraordinary events attributed to the intercession of Blessed Father Eust\u00e1quio van Lieshout. Besides being responsible for the canonization process, we also have the duty to spread devotion to the Blessed throughout Brazil and the world. This work consists of presenting the life and history of this religious figure, spreading his veneration among the people of God, and encouraging people to ask for graces through his intercession. The word &quot;Postulation&quot; is very common in the ecclesiastical world, and is also the root of the word &quot;postulant,&quot; meaning a request for a person to be admitted to something or some place. In this process there are: a General Postulator and a Vice-Postulator. The Vice-Postulator works with the community where the Servant of God carried out his mission, while the Postulator represents the Cause in Rome at the Congregation for the Causes of Saints. In Belo Horizonte-MG, Brazil, where the Vice-Postulation secretariat is located, a team works managing and promoting the cause through electronic means (websites and social networks) and through the sale of religious articles (including images, books, prayers, and other devotional objects). The sale of this material and the donations received cover the expenses related to the canonization process.","breadcrumb":{"@id":"https:\/\/www.padreeustaquio.com.br\/home\/#breadcrumb"},"inLanguage":"en-US","potentialAction":[{"@type":"ReadAction","target":["https:\/\/www.padreeustaquio.com.br\/home\/"]}]},{"@type":"BreadcrumbList","@id":"https:\/\/www.padreeustaquio.com.br\/home\/#breadcrumb","itemListElement":[{"@type":"ListItem","position":1,"name":"In\u00edcio","item":"https:\/\/www.padreeustaquio.com.br\/"},{"@type":"ListItem","position":2,"name":"Home"}]},{"@type":"WebSite","@id":"https:\/\/www.padreeustaquio.com.br\/#website","url":"https:\/\/www.padreeustaquio.com.br\/","name":"FATHER EUST\u00c1QUIO","description":"Health and Peace","publisher":{"@id":"https:\/\/www.padreeustaquio.com.br\/#organization"},"potentialAction":[{"@type":"SearchAction","target":{"@type":"EntryPoint","urlTemplate":"https:\/\/www.padreeustaquio.com.br\/?s={search_term_string}"},"query-input":{"@type":"PropertyValueSpecification","valueRequired":true,"valueName":"search_term_string"}}],"inLanguage":"en-US"},{"@type":"Organization","@id":"https:\/\/www.padreeustaquio.com.br\/#organization","name":"FATHER EUST\u00c1QUIO","url":"https:\/\/www.padreeustaquio.com.br\/","logo":{"@type":"ImageObject","inLanguage":"en-US","@id":"https:\/\/www.padreeustaquio.com.br\/#\/schema\/logo\/image\/","url":"https:\/\/www.padreeustaquio.com.br\/wp-content\/uploads\/2019\/08\/marca.png","contentUrl":"https:\/\/www.padreeustaquio.com.br\/wp-content\/uploads\/2019\/08\/marca.png","width":350,"height":400,"caption":"Padre Eust\u00e1quio"},"image":{"@id":"https:\/\/www.padreeustaquio.com.br\/#\/schema\/logo\/image\/"},"sameAs":["https:\/\/www.facebook.com\/beatopadreeustaquio\/","https:\/\/x.com\/beatopeustaquio","https:\/\/www.instagram.com\/beatopadreeustaquio\/","https:\/\/www.youtube.com\/channel\/UCRhw7vfabnajwLxb1ZXMeIw"]}]}},"_links":{"self":[{"href":"https:\/\/www.padreeustaquio.com.br\/en\/wp-json\/wp\/v2\/pages\/3620","targetHints":{"allow":["GET"]}}],"collection":[{"href":"https:\/\/www.padreeustaquio.com.br\/en\/wp-json\/wp\/v2\/pages"}],"about":[{"href":"https:\/\/www.padreeustaquio.com.br\/en\/wp-json\/wp\/v2\/types\/page"}],"author":[{"embeddable":true,"href":"https:\/\/www.padreeustaquio.com.br\/en\/wp-json\/wp\/v2\/users\/6"}],"replies":[{"embeddable":true,"href":"https:\/\/www.padreeustaquio.com.br\/en\/wp-json\/wp\/v2\/comments?post=3620"}],"version-history":[{"count":1,"href":"https:\/\/www.padreeustaquio.com.br\/en\/wp-json\/wp\/v2\/pages\/3620\/revisions"}],"predecessor-version":[{"id":12899,"href":"https:\/\/www.padreeustaquio.com.br\/en\/wp-json\/wp\/v2\/pages\/3620\/revisions\/12899"}],"wp:attachment":[{"href":"https:\/\/www.padreeustaquio.com.br\/en\/wp-json\/wp\/v2\/media?parent=3620"}],"curies":[{"name":"wp","href":"https:\/\/api.w.org\/{rel}","templated":true}]}}