{"id":12756,"date":"2025-11-14T08:03:52","date_gmt":"2025-11-14T11:03:52","guid":{"rendered":"https:\/\/www.padreeustaquio.com.br\/?page_id=12756"},"modified":"2025-11-14T08:10:04","modified_gmt":"2025-11-14T11:10:04","slug":"fun-catechism-2","status":"publish","type":"page","link":"https:\/\/www.padreeustaquio.com.br\/en\/fun-catechism-2\/","title":{"rendered":"Fun Catechesis"},"content":{"rendered":"<div data-elementor-type=\"wp-page\" data-elementor-id=\"12756\" class=\"elementor elementor-12756\" data-elementor-post-type=\"page\">\n\t\t\t\t<div class=\"elementor-element elementor-element-9f2ea3d e-flex e-con-boxed e-con e-parent\" data-id=\"9f2ea3d\" data-element_type=\"container\" data-e-type=\"container\">\n\t\t\t\t\t<div class=\"e-con-inner\">\n\t\t\t\t<div class=\"elementor-element elementor-element-c5227a6 elementor-widget elementor-widget-image\" data-id=\"c5227a6\" data-element_type=\"widget\" data-e-type=\"widget\" data-widget_type=\"image.default\">\n\t\t\t\t\t\t\t\t\t\t\t\t\t\t\t<img fetchpriority=\"high\" decoding=\"async\" width=\"1000\" height=\"242\" src=\"https:\/\/www.padreeustaquio.com.br\/wp-content\/uploads\/2025\/11\/topo.png\" class=\"attachment-large size-large wp-image-12767\" alt=\"\" srcset=\"https:\/\/www.padreeustaquio.com.br\/wp-content\/uploads\/2025\/11\/topo.png 1000w, https:\/\/www.padreeustaquio.com.br\/wp-content\/uploads\/2025\/11\/topo-300x73.png 300w, https:\/\/www.padreeustaquio.com.br\/wp-content\/uploads\/2025\/11\/topo-768x186.png 768w\" sizes=\"(max-width: 1000px) 100vw, 1000px\" \/>\t\t\t\t\t\t\t\t\t\t\t\t\t\t\t<\/div>\n\t\t\t\t\t<\/div>\n\t\t\t\t<\/div>\n\t\t<div class=\"elementor-element elementor-element-65fce2e e-flex e-con-boxed e-con e-parent\" data-id=\"65fce2e\" data-element_type=\"container\" data-e-type=\"container\">\n\t\t\t\t\t<div class=\"e-con-inner\">\n\t\t<div class=\"elementor-element elementor-element-d041f3d e-con-full e-flex e-con e-child\" data-id=\"d041f3d\" data-element_type=\"container\" data-e-type=\"container\">\n\t\t\t\t<div class=\"elementor-element elementor-element-0d90d14 elementor-widget elementor-widget-image\" data-id=\"0d90d14\" data-element_type=\"widget\" data-e-type=\"widget\" data-widget_type=\"image.default\">\n\t\t\t\t\t\t\t\t\t\t\t\t\t\t\t<img decoding=\"async\" width=\"182\" height=\"300\" src=\"https:\/\/www.padreeustaquio.com.br\/wp-content\/uploads\/2025\/11\/Taquinho-182x300.jpg\" class=\"attachment-medium size-medium wp-image-12766\" alt=\"\" srcset=\"https:\/\/www.padreeustaquio.com.br\/wp-content\/uploads\/2025\/11\/Taquinho-182x300.jpg 182w, https:\/\/www.padreeustaquio.com.br\/wp-content\/uploads\/2025\/11\/Taquinho.jpg 318w\" sizes=\"(max-width: 182px) 100vw, 182px\" \/>\t\t\t\t\t\t\t\t\t\t\t\t\t\t\t<\/div>\n\t\t\t\t<\/div>\n\t\t<div class=\"elementor-element elementor-element-dc074cd e-con-full e-flex e-con e-child\" data-id=\"dc074cd\" data-element_type=\"container\" data-e-type=\"container\">\n\t\t\t\t<div class=\"elementor-element elementor-element-52d9f0c elementor-widget elementor-widget-text-editor\" data-id=\"52d9f0c\" data-element_type=\"widget\" data-e-type=\"widget\" data-widget_type=\"text-editor.default\">\n\t\t\t\t\t\t\t\t\t<p>Hello, little friends!<\/p><p>My name is Taquinho. I am the mascot of the Health and Peace Missionary!<\/p><p>In this space we will learn a lot about God, our church, and about Blessed Father Eustace.\u00a0<strong>Just choose one of the files, click, and start learning while having fun.<\/strong>\u00a0It includes stories, games, and coloring pages.<\/p><p>Let&#039;s go?<\/p>\t\t\t\t\t\t\t\t<\/div>\n\t\t\t\t<\/div>\n\t\t\t\t\t<\/div>\n\t\t\t\t<\/div>\n\t\t<div class=\"elementor-element elementor-element-4759ea3 e-flex e-con-boxed e-con e-parent\" data-id=\"4759ea3\" data-element_type=\"container\" data-e-type=\"container\">\n\t\t\t\t\t<div class=\"e-con-inner\">\n\t\t\t\t<div class=\"elementor-element elementor-element-3dbc07c elementor-widget elementor-widget-gallery\" data-id=\"3dbc07c\" data-element_type=\"widget\" data-e-type=\"widget\" data-settings=\"{&quot;lazyload&quot;:&quot;yes&quot;,&quot;gallery_layout&quot;:&quot;grid&quot;,&quot;columns&quot;:4,&quot;columns_tablet&quot;:2,&quot;columns_mobile&quot;:1,&quot;gap&quot;:{&quot;unit&quot;:&quot;px&quot;,&quot;size&quot;:10,&quot;sizes&quot;:[]},&quot;gap_tablet&quot;:{&quot;unit&quot;:&quot;px&quot;,&quot;size&quot;:10,&quot;sizes&quot;:[]},&quot;gap_mobile&quot;:{&quot;unit&quot;:&quot;px&quot;,&quot;size&quot;:10,&quot;sizes&quot;:[]},&quot;link_to&quot;:&quot;file&quot;,&quot;aspect_ratio&quot;:&quot;3:2&quot;,&quot;overlay_background&quot;:&quot;yes&quot;,&quot;content_hover_animation&quot;:&quot;fade-in&quot;}\" data-widget_type=\"gallery.default\">\n\t\t\t\t\t\t\t<div class=\"elementor-gallery__container\">\n\t\t\t\t\t\t\t<a class=\"e-gallery-item elementor-gallery-item elementor-animated-content\" href=\"https:\/\/www.padreeustaquio.com.br\/wp-content\/uploads\/2025\/11\/01.jpeg\" data-elementor-open-lightbox=\"yes\" data-elementor-lightbox-slideshow=\"3dbc07c\" data-elementor-lightbox-title=\"01\" data-e-action-hash=\"#elementor-action%3Aaction%3Dlightbox%26settings%3DeyJpZCI6MTI3NTksInVybCI6Imh0dHBzOlwvXC93d3cucGFkcmVldXN0YXF1aW8uY29tLmJyXC93cC1jb250ZW50XC91cGxvYWRzXC8yMDI1XC8xMVwvMDEuanBlZyIsInNsaWRlc2hvdyI6IjNkYmMwN2MifQ%3D%3D\">\n\t\t\t\t\t<div class=\"e-gallery-image elementor-gallery-item__image\" data-thumbnail=\"https:\/\/www.padreeustaquio.com.br\/wp-content\/uploads\/2025\/11\/01-212x300.jpeg\" data-width=\"212\" data-height=\"300\" aria-label=\"\" role=\"img\" ><\/div>\n\t\t\t\t\t\t\t\t\t\t\t<div class=\"elementor-gallery-item__overlay\"><\/div>\n\t\t\t\t\t\t\t\t\t\t\t\t\t\t<\/a>\n\t\t\t\t\t\t\t<a class=\"e-gallery-item elementor-gallery-item elementor-animated-content\" href=\"https:\/\/www.padreeustaquio.com.br\/wp-content\/uploads\/2025\/11\/02.jpeg\" data-elementor-open-lightbox=\"yes\" data-elementor-lightbox-slideshow=\"3dbc07c\" data-elementor-lightbox-title=\"02\" data-e-action-hash=\"#elementor-action%3Aaction%3Dlightbox%26settings%3DeyJpZCI6MTI3NjAsInVybCI6Imh0dHBzOlwvXC93d3cucGFkcmVldXN0YXF1aW8uY29tLmJyXC93cC1jb250ZW50XC91cGxvYWRzXC8yMDI1XC8xMVwvMDIuanBlZyIsInNsaWRlc2hvdyI6IjNkYmMwN2MifQ%3D%3D\">\n\t\t\t\t\t<div class=\"e-gallery-image elementor-gallery-item__image\" data-thumbnail=\"https:\/\/www.padreeustaquio.com.br\/wp-content\/uploads\/2025\/11\/02-212x300.jpeg\" data-width=\"212\" data-height=\"300\" aria-label=\"\" role=\"img\" ><\/div>\n\t\t\t\t\t\t\t\t\t\t\t<div class=\"elementor-gallery-item__overlay\"><\/div>\n\t\t\t\t\t\t\t\t\t\t\t\t\t\t<\/a>\n\t\t\t\t\t\t\t<a class=\"e-gallery-item elementor-gallery-item elementor-animated-content\" href=\"https:\/\/www.padreeustaquio.com.br\/wp-content\/uploads\/2025\/11\/03.jpeg\" data-elementor-open-lightbox=\"yes\" data-elementor-lightbox-slideshow=\"3dbc07c\" data-elementor-lightbox-title=\"03\" data-e-action-hash=\"#elementor-action%3Aaction%3Dlightbox%26settings%3DeyJpZCI6MTI3NjEsInVybCI6Imh0dHBzOlwvXC93d3cucGFkcmVldXN0YXF1aW8uY29tLmJyXC93cC1jb250ZW50XC91cGxvYWRzXC8yMDI1XC8xMVwvMDMuanBlZyIsInNsaWRlc2hvdyI6IjNkYmMwN2MifQ%3D%3D\">\n\t\t\t\t\t<div class=\"e-gallery-image elementor-gallery-item__image\" data-thumbnail=\"https:\/\/www.padreeustaquio.com.br\/wp-content\/uploads\/2025\/11\/03-300x237.jpeg\" data-width=\"300\" data-height=\"237\" aria-label=\"\" role=\"img\" ><\/div>\n\t\t\t\t\t\t\t\t\t\t\t<div class=\"elementor-gallery-item__overlay\"><\/div>\n\t\t\t\t\t\t\t\t\t\t\t\t\t\t<\/a>\n\t\t\t\t\t\t\t<a class=\"e-gallery-item elementor-gallery-item elementor-animated-content\" href=\"https:\/\/www.padreeustaquio.com.br\/wp-content\/uploads\/2025\/11\/04.jpeg\" data-elementor-open-lightbox=\"yes\" data-elementor-lightbox-slideshow=\"3dbc07c\" data-elementor-lightbox-title=\"04\" data-e-action-hash=\"#elementor-action%3Aaction%3Dlightbox%26settings%3DeyJpZCI6MTI3NjIsInVybCI6Imh0dHBzOlwvXC93d3cucGFkcmVldXN0YXF1aW8uY29tLmJyXC93cC1jb250ZW50XC91cGxvYWRzXC8yMDI1XC8xMVwvMDQuanBlZyIsInNsaWRlc2hvdyI6IjNkYmMwN2MifQ%3D%3D\">\n\t\t\t\t\t<div class=\"e-gallery-image elementor-gallery-item__image\" data-thumbnail=\"https:\/\/www.padreeustaquio.com.br\/wp-content\/uploads\/2025\/11\/04-300x212.jpeg\" data-width=\"300\" data-height=\"212\" aria-label=\"\" role=\"img\" ><\/div>\n\t\t\t\t\t\t\t\t\t\t\t<div class=\"elementor-gallery-item__overlay\"><\/div>\n\t\t\t\t\t\t\t\t\t\t\t\t\t\t<\/a>\n\t\t\t\t\t\t\t<a class=\"e-gallery-item elementor-gallery-item elementor-animated-content\" href=\"https:\/\/www.padreeustaquio.com.br\/wp-content\/uploads\/2025\/11\/05.jpeg\" data-elementor-open-lightbox=\"yes\" data-elementor-lightbox-slideshow=\"3dbc07c\" data-elementor-lightbox-title=\"05\" data-e-action-hash=\"#elementor-action%3Aaction%3Dlightbox%26settings%3DeyJpZCI6MTI3NjMsInVybCI6Imh0dHBzOlwvXC93d3cucGFkcmVldXN0YXF1aW8uY29tLmJyXC93cC1jb250ZW50XC91cGxvYWRzXC8yMDI1XC8xMVwvMDUuanBlZyIsInNsaWRlc2hvdyI6IjNkYmMwN2MifQ%3D%3D\">\n\t\t\t\t\t<div class=\"e-gallery-image elementor-gallery-item__image\" data-thumbnail=\"https:\/\/www.padreeustaquio.com.br\/wp-content\/uploads\/2025\/11\/05-300x212.jpeg\" data-width=\"300\" data-height=\"212\" aria-label=\"\" role=\"img\" ><\/div>\n\t\t\t\t\t\t\t\t\t\t\t<div class=\"elementor-gallery-item__overlay\"><\/div>\n\t\t\t\t\t\t\t\t\t\t\t\t\t\t<\/a>\n\t\t\t\t\t\t\t<a class=\"e-gallery-item elementor-gallery-item elementor-animated-content\" href=\"https:\/\/www.padreeustaquio.com.br\/wp-content\/uploads\/2025\/11\/07.jpeg\" data-elementor-open-lightbox=\"yes\" data-elementor-lightbox-slideshow=\"3dbc07c\" data-elementor-lightbox-title=\"07\" data-e-action-hash=\"#elementor-action%3Aaction%3Dlightbox%26settings%3DeyJpZCI6MTI3NjQsInVybCI6Imh0dHBzOlwvXC93d3cucGFkcmVldXN0YXF1aW8uY29tLmJyXC93cC1jb250ZW50XC91cGxvYWRzXC8yMDI1XC8xMVwvMDcuanBlZyIsInNsaWRlc2hvdyI6IjNkYmMwN2MifQ%3D%3D\">\n\t\t\t\t\t<div class=\"e-gallery-image elementor-gallery-item__image\" data-thumbnail=\"https:\/\/www.padreeustaquio.com.br\/wp-content\/uploads\/2025\/11\/07-300x212.jpeg\" data-width=\"300\" data-height=\"212\" aria-label=\"\" role=\"img\" ><\/div>\n\t\t\t\t\t\t\t\t\t\t\t<div class=\"elementor-gallery-item__overlay\"><\/div>\n\t\t\t\t\t\t\t\t\t\t\t\t\t\t<\/a>\n\t\t\t\t\t\t\t<a class=\"e-gallery-item elementor-gallery-item elementor-animated-content\" href=\"https:\/\/www.padreeustaquio.com.br\/wp-content\/uploads\/2025\/11\/08.jpeg\" data-elementor-open-lightbox=\"yes\" data-elementor-lightbox-slideshow=\"3dbc07c\" data-elementor-lightbox-title=\"08\" data-e-action-hash=\"#elementor-action%3Aaction%3Dlightbox%26settings%3DeyJpZCI6MTI3NjUsInVybCI6Imh0dHBzOlwvXC93d3cucGFkcmVldXN0YXF1aW8uY29tLmJyXC93cC1jb250ZW50XC91cGxvYWRzXC8yMDI1XC8xMVwvMDguanBlZyIsInNsaWRlc2hvdyI6IjNkYmMwN2MifQ%3D%3D\">\n\t\t\t\t\t<div class=\"e-gallery-image elementor-gallery-item__image\" data-thumbnail=\"https:\/\/www.padreeustaquio.com.br\/wp-content\/uploads\/2025\/11\/08-300x212.jpeg\" data-width=\"300\" data-height=\"212\" aria-label=\"\" role=\"img\" ><\/div>\n\t\t\t\t\t\t\t\t\t\t\t<div class=\"elementor-gallery-item__overlay\"><\/div>\n\t\t\t\t\t\t\t\t\t\t\t\t\t\t<\/a>\n\t\t\t\t\t<\/div>\n\t\t\t\t\t<\/div>\n\t\t\t\t\t<\/div>\n\t\t\t\t<\/div>\n\t\t\t\t<\/div>","protected":false},"excerpt":{"rendered":"<p>Hello, little friends! My name is Taquinho. I am the Missionary mascot for Health and Peace! In this space, we will learn a lot about God, our church, and about Blessed Father Eustace. Just choose one of the files, click, and start learning while having fun. There are stories, games, and drawings to color. Let&#039;s go?<\/p>","protected":false},"author":2,"featured_media":0,"parent":0,"menu_order":0,"comment_status":"closed","ping_status":"closed","template":"elementor_header_footer","meta":{"_acf_changed":false,"footnotes":""},"class_list":["post-12756","page","type-page","status-publish","hentry"],"acf":[],"yoast_head":"<!-- This site is optimized with the Yoast SEO plugin v27.2 - https:\/\/yoast.com\/product\/yoast-seo-wordpress\/ -->\n<title>Catequese divertida - Padre Eust\u00e1quio<\/title>\n<meta name=\"robots\" content=\"index, follow, max-snippet:-1, max-image-preview:large, max-video-preview:-1\" \/>\n<link rel=\"canonical\" href=\"https:\/\/www.padreeustaquio.com.br\/en\/fun-catechism-2\/\" \/>\n<meta property=\"og:locale\" content=\"en_US\" \/>\n<meta property=\"og:type\" content=\"article\" \/>\n<meta property=\"og:title\" content=\"Catequese divertida - Padre Eust\u00e1quio\" \/>\n<meta property=\"og:description\" content=\"Ol\u00e1, amiguinhos! Meu nome \u00e9 Taquinho. Eu sou o mascote Mission\u00e1rio da Sa\u00fade e da Paz! Neste espa\u00e7o vamos aprender muito sobre Deus, nossa igreja e sobre o Bem-Aventurado Padre Eust\u00e1quio.\u00a0\u00c9 s\u00f3 escolher um dos arquivos, clicar e come\u00e7ar a aprender se divertindo.\u00a0Tem hist\u00f3rias, brincadeiras e desenhos para colorir. Vamos l\u00e1?\" \/>\n<meta property=\"og:url\" content=\"https:\/\/www.padreeustaquio.com.br\/en\/fun-catechism-2\/\" \/>\n<meta property=\"og:site_name\" content=\"Padre Eust\u00e1quio\" \/>\n<meta property=\"article:publisher\" content=\"https:\/\/www.facebook.com\/beatopadreeustaquio\/\" \/>\n<meta property=\"article:modified_time\" content=\"2025-11-14T11:10:04+00:00\" \/>\n<meta property=\"og:image\" content=\"https:\/\/www.padreeustaquio.com.br\/wp-content\/uploads\/2025\/11\/topo.png\" \/>\n\t<meta property=\"og:image:width\" content=\"1000\" \/>\n\t<meta property=\"og:image:height\" content=\"242\" \/>\n\t<meta property=\"og:image:type\" content=\"image\/png\" \/>\n<meta name=\"twitter:card\" content=\"summary_large_image\" \/>\n<meta name=\"twitter:site\" content=\"@beatopeustaquio\" \/>\n<meta name=\"twitter:label1\" content=\"Est. reading time\" \/>\n\t<meta name=\"twitter:data1\" content=\"1 minute\" \/>\n<script type=\"application\/ld+json\" class=\"yoast-schema-graph\">{\"@context\":\"https:\/\/schema.org\",\"@graph\":[{\"@type\":\"WebPage\",\"@id\":\"https:\/\/www.padreeustaquio.com.br\/catequese-divertida-2\/\",\"url\":\"https:\/\/www.padreeustaquio.com.br\/catequese-divertida-2\/\",\"name\":\"Catequese divertida - Padre Eust\u00e1quio\",\"isPartOf\":{\"@id\":\"https:\/\/www.padreeustaquio.com.br\/#website\"},\"primaryImageOfPage\":{\"@id\":\"https:\/\/www.padreeustaquio.com.br\/catequese-divertida-2\/#primaryimage\"},\"image\":{\"@id\":\"https:\/\/www.padreeustaquio.com.br\/catequese-divertida-2\/#primaryimage\"},\"thumbnailUrl\":\"https:\/\/www.padreeustaquio.com.br\/wp-content\/uploads\/2025\/11\/topo.png\",\"datePublished\":\"2025-11-14T11:03:52+00:00\",\"dateModified\":\"2025-11-14T11:10:04+00:00\",\"breadcrumb\":{\"@id\":\"https:\/\/www.padreeustaquio.com.br\/catequese-divertida-2\/#breadcrumb\"},\"inLanguage\":\"en-US\",\"potentialAction\":[{\"@type\":\"ReadAction\",\"target\":[\"https:\/\/www.padreeustaquio.com.br\/catequese-divertida-2\/\"]}]},{\"@type\":\"ImageObject\",\"inLanguage\":\"en-US\",\"@id\":\"https:\/\/www.padreeustaquio.com.br\/catequese-divertida-2\/#primaryimage\",\"url\":\"https:\/\/www.padreeustaquio.com.br\/wp-content\/uploads\/2025\/11\/topo.png\",\"contentUrl\":\"https:\/\/www.padreeustaquio.com.br\/wp-content\/uploads\/2025\/11\/topo.png\"},{\"@type\":\"BreadcrumbList\",\"@id\":\"https:\/\/www.padreeustaquio.com.br\/catequese-divertida-2\/#breadcrumb\",\"itemListElement\":[{\"@type\":\"ListItem\",\"position\":1,\"name\":\"In\u00edcio\",\"item\":\"https:\/\/www.padreeustaquio.com.br\/\"},{\"@type\":\"ListItem\",\"position\":2,\"name\":\"Catequese divertida\"}]},{\"@type\":\"WebSite\",\"@id\":\"https:\/\/www.padreeustaquio.com.br\/#website\",\"url\":\"https:\/\/www.padreeustaquio.com.br\/\",\"name\":\"Padre Eust\u00e1quio\",\"description\":\"Sa\u00fade e Paz\",\"publisher\":{\"@id\":\"https:\/\/www.padreeustaquio.com.br\/#organization\"},\"potentialAction\":[{\"@type\":\"SearchAction\",\"target\":{\"@type\":\"EntryPoint\",\"urlTemplate\":\"https:\/\/www.padreeustaquio.com.br\/?s={search_term_string}\"},\"query-input\":{\"@type\":\"PropertyValueSpecification\",\"valueRequired\":true,\"valueName\":\"search_term_string\"}}],\"inLanguage\":\"en-US\"},{\"@type\":\"Organization\",\"@id\":\"https:\/\/www.padreeustaquio.com.br\/#organization\",\"name\":\"Padre Eust\u00e1quio\",\"url\":\"https:\/\/www.padreeustaquio.com.br\/\",\"logo\":{\"@type\":\"ImageObject\",\"inLanguage\":\"en-US\",\"@id\":\"https:\/\/www.padreeustaquio.com.br\/#\/schema\/logo\/image\/\",\"url\":\"https:\/\/www.padreeustaquio.com.br\/wp-content\/uploads\/2019\/08\/marca.png\",\"contentUrl\":\"https:\/\/www.padreeustaquio.com.br\/wp-content\/uploads\/2019\/08\/marca.png\",\"width\":350,\"height\":400,\"caption\":\"Padre Eust\u00e1quio\"},\"image\":{\"@id\":\"https:\/\/www.padreeustaquio.com.br\/#\/schema\/logo\/image\/\"},\"sameAs\":[\"https:\/\/www.facebook.com\/beatopadreeustaquio\/\",\"https:\/\/x.com\/beatopeustaquio\",\"https:\/\/www.instagram.com\/beatopadreeustaquio\/\",\"https:\/\/www.youtube.com\/channel\/UCRhw7vfabnajwLxb1ZXMeIw\"]}]}<\/script>\n<!-- \/ Yoast SEO plugin. -->","yoast_head_json":{"title":"Fun Catechesis - Father Eustace","robots":{"index":"index","follow":"follow","max-snippet":"max-snippet:-1","max-image-preview":"max-image-preview:large","max-video-preview":"max-video-preview:-1"},"canonical":"https:\/\/www.padreeustaquio.com.br\/en\/fun-catechism-2\/","og_locale":"en_US","og_type":"article","og_title":"Catequese divertida - Padre Eust\u00e1quio","og_description":"Ol\u00e1, amiguinhos! Meu nome \u00e9 Taquinho. Eu sou o mascote Mission\u00e1rio da Sa\u00fade e da Paz! Neste espa\u00e7o vamos aprender muito sobre Deus, nossa igreja e sobre o Bem-Aventurado Padre Eust\u00e1quio.\u00a0\u00c9 s\u00f3 escolher um dos arquivos, clicar e come\u00e7ar a aprender se divertindo.\u00a0Tem hist\u00f3rias, brincadeiras e desenhos para colorir. Vamos l\u00e1?","og_url":"https:\/\/www.padreeustaquio.com.br\/en\/fun-catechism-2\/","og_site_name":"Padre Eust\u00e1quio","article_publisher":"https:\/\/www.facebook.com\/beatopadreeustaquio\/","article_modified_time":"2025-11-14T11:10:04+00:00","og_image":[{"width":1000,"height":242,"url":"https:\/\/www.padreeustaquio.com.br\/wp-content\/uploads\/2025\/11\/topo.png","type":"image\/png"}],"twitter_card":"summary_large_image","twitter_site":"@beatopeustaquio","twitter_misc":{"Est. reading time":"1 minute"},"schema":{"@context":"https:\/\/schema.org","@graph":[{"@type":"WebPage","@id":"https:\/\/www.padreeustaquio.com.br\/catequese-divertida-2\/","url":"https:\/\/www.padreeustaquio.com.br\/catequese-divertida-2\/","name":"Fun Catechesis - Father Eustace","isPartOf":{"@id":"https:\/\/www.padreeustaquio.com.br\/#website"},"primaryImageOfPage":{"@id":"https:\/\/www.padreeustaquio.com.br\/catequese-divertida-2\/#primaryimage"},"image":{"@id":"https:\/\/www.padreeustaquio.com.br\/catequese-divertida-2\/#primaryimage"},"thumbnailUrl":"https:\/\/www.padreeustaquio.com.br\/wp-content\/uploads\/2025\/11\/topo.png","datePublished":"2025-11-14T11:03:52+00:00","dateModified":"2025-11-14T11:10:04+00:00","breadcrumb":{"@id":"https:\/\/www.padreeustaquio.com.br\/catequese-divertida-2\/#breadcrumb"},"inLanguage":"en-US","potentialAction":[{"@type":"ReadAction","target":["https:\/\/www.padreeustaquio.com.br\/catequese-divertida-2\/"]}]},{"@type":"ImageObject","inLanguage":"en-US","@id":"https:\/\/www.padreeustaquio.com.br\/catequese-divertida-2\/#primaryimage","url":"https:\/\/www.padreeustaquio.com.br\/wp-content\/uploads\/2025\/11\/topo.png","contentUrl":"https:\/\/www.padreeustaquio.com.br\/wp-content\/uploads\/2025\/11\/topo.png"},{"@type":"BreadcrumbList","@id":"https:\/\/www.padreeustaquio.com.br\/catequese-divertida-2\/#breadcrumb","itemListElement":[{"@type":"ListItem","position":1,"name":"In\u00edcio","item":"https:\/\/www.padreeustaquio.com.br\/"},{"@type":"ListItem","position":2,"name":"Catequese divertida"}]},{"@type":"WebSite","@id":"https:\/\/www.padreeustaquio.com.br\/#website","url":"https:\/\/www.padreeustaquio.com.br\/","name":"FATHER EUST\u00c1QUIO","description":"Health and Peace","publisher":{"@id":"https:\/\/www.padreeustaquio.com.br\/#organization"},"potentialAction":[{"@type":"SearchAction","target":{"@type":"EntryPoint","urlTemplate":"https:\/\/www.padreeustaquio.com.br\/?s={search_term_string}"},"query-input":{"@type":"PropertyValueSpecification","valueRequired":true,"valueName":"search_term_string"}}],"inLanguage":"en-US"},{"@type":"Organization","@id":"https:\/\/www.padreeustaquio.com.br\/#organization","name":"FATHER EUST\u00c1QUIO","url":"https:\/\/www.padreeustaquio.com.br\/","logo":{"@type":"ImageObject","inLanguage":"en-US","@id":"https:\/\/www.padreeustaquio.com.br\/#\/schema\/logo\/image\/","url":"https:\/\/www.padreeustaquio.com.br\/wp-content\/uploads\/2019\/08\/marca.png","contentUrl":"https:\/\/www.padreeustaquio.com.br\/wp-content\/uploads\/2019\/08\/marca.png","width":350,"height":400,"caption":"Padre Eust\u00e1quio"},"image":{"@id":"https:\/\/www.padreeustaquio.com.br\/#\/schema\/logo\/image\/"},"sameAs":["https:\/\/www.facebook.com\/beatopadreeustaquio\/","https:\/\/x.com\/beatopeustaquio","https:\/\/www.instagram.com\/beatopadreeustaquio\/","https:\/\/www.youtube.com\/channel\/UCRhw7vfabnajwLxb1ZXMeIw"]}]}},"_links":{"self":[{"href":"https:\/\/www.padreeustaquio.com.br\/en\/wp-json\/wp\/v2\/pages\/12756","targetHints":{"allow":["GET"]}}],"collection":[{"href":"https:\/\/www.padreeustaquio.com.br\/en\/wp-json\/wp\/v2\/pages"}],"about":[{"href":"https:\/\/www.padreeustaquio.com.br\/en\/wp-json\/wp\/v2\/types\/page"}],"author":[{"embeddable":true,"href":"https:\/\/www.padreeustaquio.com.br\/en\/wp-json\/wp\/v2\/users\/2"}],"replies":[{"embeddable":true,"href":"https:\/\/www.padreeustaquio.com.br\/en\/wp-json\/wp\/v2\/comments?post=12756"}],"version-history":[{"count":4,"href":"https:\/\/www.padreeustaquio.com.br\/en\/wp-json\/wp\/v2\/pages\/12756\/revisions"}],"predecessor-version":[{"id":12770,"href":"https:\/\/www.padreeustaquio.com.br\/en\/wp-json\/wp\/v2\/pages\/12756\/revisions\/12770"}],"wp:attachment":[{"href":"https:\/\/www.padreeustaquio.com.br\/en\/wp-json\/wp\/v2\/media?parent=12756"}],"curies":[{"name":"wp","href":"https:\/\/api.w.org\/{rel}","templated":true}]}}