{"id":12250,"date":"2025-09-16T08:07:47","date_gmt":"2025-09-16T11:07:47","guid":{"rendered":"https:\/\/www.padreeustaquio.com.br\/?page_id=12250"},"modified":"2026-01-19T15:18:06","modified_gmt":"2026-01-19T18:18:06","slug":"donate-2","status":"publish","type":"page","link":"https:\/\/www.padreeustaquio.com.br\/en\/donate-2\/","title":{"rendered":"DONATE"},"content":{"rendered":"<div data-elementor-type=\"wp-page\" data-elementor-id=\"12250\" class=\"elementor elementor-12250\" data-elementor-post-type=\"page\">\n\t\t\t\t<div class=\"elementor-element elementor-element-64859cfd e-flex e-con-boxed e-con e-parent\" data-id=\"64859cfd\" data-element_type=\"container\" data-e-type=\"container\">\n\t\t\t\t\t<div class=\"e-con-inner\">\n\t\t\t\t<div class=\"elementor-element elementor-element-693784d9 elementor-widget elementor-widget-text-editor\" data-id=\"693784d9\" data-element_type=\"widget\" data-e-type=\"widget\" data-widget_type=\"text-editor.default\">\n\t\t\t\t\t\t\t\t\t<p>Join the large family of \"Friends of Father Eust\u00e1quio\".<\/p><p>Spreading the word about Father Eust\u00e1quio's life and story so that more people know about his example of life is a fundamental role of the Vice-Postulation of the Cause for Canonization. As well as investing in spreading the word, the National Secretariat is also responsible for the canonization process before the Holy See. All these activities and those of the Padre Eust\u00e1quio Social Action, which continues the works started and conceived by the Blessed (such as the Daycare that bears the Blessed's name and currently serves 260 children) are funded by us, through the collaboration and help of the whole community.<\/p><p>You too can be a partner in this work and help us to maintain the online broadcasts of our celebrations. Make your donation by deposit or bank transfer:<\/p>\t\t\t\t\t\t\t\t<\/div>\n\t\t\t\t\t<\/div>\n\t\t\t\t<\/div>\n\t\t<div class=\"elementor-element elementor-element-5de4cb2f e-flex e-con-boxed e-con e-parent\" data-id=\"5de4cb2f\" data-element_type=\"container\" data-e-type=\"container\">\n\t\t\t\t\t<div class=\"e-con-inner\">\n\t\t<div class=\"elementor-element elementor-element-7fa900cb e-con-full e-flex e-con e-child\" data-id=\"7fa900cb\" data-element_type=\"container\" data-e-type=\"container\">\n\t\t\t\t<div class=\"elementor-element elementor-element-f20d02b elementor-widget elementor-widget-image\" data-id=\"f20d02b\" data-element_type=\"widget\" data-e-type=\"widget\" data-widget_type=\"image.default\">\n\t\t\t\t\t\t\t\t\t\t\t\t\t\t\t<img fetchpriority=\"high\" decoding=\"async\" width=\"825\" height=\"209\" src=\"https:\/\/www.padreeustaquio.com.br\/wp-content\/uploads\/2025\/09\/logo-caixa.png\" class=\"attachment-large size-large wp-image-12253\" alt=\"\" srcset=\"https:\/\/www.padreeustaquio.com.br\/wp-content\/uploads\/2025\/09\/logo-caixa.png 825w, https:\/\/www.padreeustaquio.com.br\/wp-content\/uploads\/2025\/09\/logo-caixa-300x76.png 300w, https:\/\/www.padreeustaquio.com.br\/wp-content\/uploads\/2025\/09\/logo-caixa-768x195.png 768w\" sizes=\"(max-width: 825px) 100vw, 825px\" \/>\t\t\t\t\t\t\t\t\t\t\t\t\t\t\t<\/div>\n\t\t\t\t<\/div>\n\t\t<div class=\"elementor-element elementor-element-4cc6a054 e-con-full e-flex e-con e-child\" data-id=\"4cc6a054\" data-element_type=\"container\" data-e-type=\"container\">\n\t\t\t\t<div class=\"elementor-element elementor-element-48ce1014 elementor-widget elementor-widget-text-editor\" data-id=\"48ce1014\" data-element_type=\"widget\" data-e-type=\"widget\" data-widget_type=\"text-editor.default\">\n\t\t\t\t\t\t\t\t\t<p>Father Eust\u00e1quio Social Action<br \/>CNPJ: 17.193.756\/0005-20<br \/>Agency:\u00a0<strong>0089<\/strong><br \/>Op:<strong>\u00a0003<\/strong><br \/>Account: <b>000578568829-4<\/b><\/p>\t\t\t\t\t\t\t\t<\/div>\n\t\t\t\t<\/div>\n\t\t\t\t\t<\/div>\n\t\t\t\t<\/div>\n\t\t<div class=\"elementor-element elementor-element-fcc69f3 e-flex e-con-boxed e-con e-parent\" data-id=\"fcc69f3\" data-element_type=\"container\" data-e-type=\"container\">\n\t\t\t\t\t<div class=\"e-con-inner\">\n\t\t\t\t<div class=\"elementor-element elementor-element-50eae8b elementor-widget elementor-widget-image\" data-id=\"50eae8b\" data-element_type=\"widget\" data-e-type=\"widget\" data-widget_type=\"image.default\">\n\t\t\t\t\t\t\t\t\t\t\t\t\t\t\t<img decoding=\"async\" width=\"150\" height=\"150\" src=\"https:\/\/www.padreeustaquio.com.br\/wp-content\/uploads\/2026\/01\/QR-Code-ACAO-SOCIAL-150x150.png\" class=\"attachment-thumbnail size-thumbnail wp-image-13492\" alt=\"\" srcset=\"https:\/\/www.padreeustaquio.com.br\/wp-content\/uploads\/2026\/01\/QR-Code-ACAO-SOCIAL-150x150.png 150w, https:\/\/www.padreeustaquio.com.br\/wp-content\/uploads\/2026\/01\/QR-Code-ACAO-SOCIAL-300x300.png 300w, https:\/\/www.padreeustaquio.com.br\/wp-content\/uploads\/2026\/01\/QR-Code-ACAO-SOCIAL-768x768.png 768w, https:\/\/www.padreeustaquio.com.br\/wp-content\/uploads\/2026\/01\/QR-Code-ACAO-SOCIAL-12x12.png 12w, https:\/\/www.padreeustaquio.com.br\/wp-content\/uploads\/2026\/01\/QR-Code-ACAO-SOCIAL-180x180.png 180w, https:\/\/www.padreeustaquio.com.br\/wp-content\/uploads\/2026\/01\/QR-Code-ACAO-SOCIAL-400x400.png 400w, https:\/\/www.padreeustaquio.com.br\/wp-content\/uploads\/2026\/01\/QR-Code-ACAO-SOCIAL-600x600.png 600w, https:\/\/www.padreeustaquio.com.br\/wp-content\/uploads\/2026\/01\/QR-Code-ACAO-SOCIAL.png 800w\" sizes=\"(max-width: 150px) 100vw, 150px\" \/>\t\t\t\t\t\t\t\t\t\t\t\t\t\t\t<\/div>\n\t\t\t\t<div class=\"elementor-element elementor-element-103c256 elementor-widget elementor-widget-text-editor\" data-id=\"103c256\" data-element_type=\"widget\" data-e-type=\"widget\" data-widget_type=\"text-editor.default\">\n\t\t\t\t\t\t\t\t\t<p>If you prefer, send a PIX transfer using the key: <b>17.193.756\/0005-20<\/b><\/p>\t\t\t\t\t\t\t\t<\/div>\n\t\t<div class=\"elementor-element elementor-element-7fead160 e-con-full e-flex e-con e-child\" data-id=\"7fead160\" data-element_type=\"container\" data-e-type=\"container\">\n\t\t\t\t<div class=\"elementor-element elementor-element-6908358e elementor-widget elementor-widget-text-editor\" data-id=\"6908358e\" data-element_type=\"widget\" data-e-type=\"widget\" data-widget_type=\"text-editor.default\">\n\t\t\t\t\t\t\t\t\t<p>\u00a0Or put your contribution in the coffers of the Padre Eust\u00e1quio Memorial in Belo Horizonte! You and your family will always be in our prayers!<\/p><p>Health and Peace!<\/p>\t\t\t\t\t\t\t\t<\/div>\n\t\t\t\t<\/div>\n\t\t\t\t\t<\/div>\n\t\t\t\t<\/div>\n\t\t\t\t<\/div>","protected":false},"excerpt":{"rendered":"<p>Entre para a grande fam\u00edlia dos \u201cAmigos do Padre Eust\u00e1quio\u201d. Divulgar a vida e a hist\u00f3ria de Padre Eust\u00e1quio para que mais pessoas conhe\u00e7am este exemplo de vida \u00e9 papel fundamental da Vice-Postula\u00e7\u00e3o da Causa de Canoniza\u00e7\u00e3o. Al\u00e9m de investir nesta divulga\u00e7\u00e3o, o Secretariado Nacional tamb\u00e9m \u00e9 respons\u00e1vel pelo processo de canoniza\u00e7\u00e3o junto \u00e0 Santa S\u00e9. Todas estas atividades e as da A\u00e7\u00e3o Social Padre Eust\u00e1quio, que continua as obras iniciadas e idealizadas pelo Beato\u00a0(como a Creche que leva o nome do Bem-Aventurado e atende atualmente a 260 crian\u00e7as)\u00a0s\u00e3o custeadas por n\u00f3s, por meio da colabora\u00e7\u00e3o e ajuda de toda [&hellip;]<\/p>\n","protected":false},"author":2,"featured_media":0,"parent":0,"menu_order":0,"comment_status":"closed","ping_status":"closed","template":"elementor_header_footer","meta":{"_acf_changed":false,"footnotes":""},"class_list":["post-12250","page","type-page","status-publish","hentry"],"acf":[],"yoast_head":"<!-- This site is optimized with the Yoast SEO plugin v27.2 - https:\/\/yoast.com\/product\/yoast-seo-wordpress\/ -->\n<title>Doar - Padre Eust\u00e1quio<\/title>\n<meta name=\"robots\" content=\"index, follow, max-snippet:-1, max-image-preview:large, max-video-preview:-1\" \/>\n<link rel=\"canonical\" href=\"https:\/\/www.padreeustaquio.com.br\/en\/donate-2\/\" \/>\n<meta property=\"og:locale\" content=\"en_US\" \/>\n<meta property=\"og:type\" content=\"article\" \/>\n<meta property=\"og:title\" content=\"Doar - Padre Eust\u00e1quio\" \/>\n<meta property=\"og:description\" content=\"Entre para a grande fam\u00edlia dos \u201cAmigos do Padre Eust\u00e1quio\u201d. Divulgar a vida e a hist\u00f3ria de Padre Eust\u00e1quio para que mais pessoas conhe\u00e7am este exemplo de vida \u00e9 papel fundamental da Vice-Postula\u00e7\u00e3o da Causa de Canoniza\u00e7\u00e3o. Al\u00e9m de investir nesta divulga\u00e7\u00e3o, o Secretariado Nacional tamb\u00e9m \u00e9 respons\u00e1vel pelo processo de canoniza\u00e7\u00e3o junto \u00e0 Santa S\u00e9. Todas estas atividades e as da A\u00e7\u00e3o Social Padre Eust\u00e1quio, que continua as obras iniciadas e idealizadas pelo Beato\u00a0(como a Creche que leva o nome do Bem-Aventurado e atende atualmente a 260 crian\u00e7as)\u00a0s\u00e3o custeadas por n\u00f3s, por meio da colabora\u00e7\u00e3o e ajuda de toda [&hellip;]\" \/>\n<meta property=\"og:url\" content=\"https:\/\/www.padreeustaquio.com.br\/en\/donate-2\/\" \/>\n<meta property=\"og:site_name\" content=\"Padre Eust\u00e1quio\" \/>\n<meta property=\"article:publisher\" content=\"https:\/\/www.facebook.com\/beatopadreeustaquio\/\" \/>\n<meta property=\"article:modified_time\" content=\"2026-01-19T18:18:06+00:00\" \/>\n<meta property=\"og:image\" content=\"https:\/\/www.padreeustaquio.com.br\/wp-content\/uploads\/2025\/09\/logo-caixa.png\" \/>\n\t<meta property=\"og:image:width\" content=\"825\" \/>\n\t<meta property=\"og:image:height\" content=\"209\" \/>\n\t<meta property=\"og:image:type\" content=\"image\/png\" \/>\n<meta name=\"twitter:card\" content=\"summary_large_image\" \/>\n<meta name=\"twitter:site\" content=\"@beatopeustaquio\" \/>\n<meta name=\"twitter:label1\" content=\"Est. reading time\" \/>\n\t<meta name=\"twitter:data1\" content=\"1 minute\" \/>\n<script type=\"application\/ld+json\" class=\"yoast-schema-graph\">{\"@context\":\"https:\/\/schema.org\",\"@graph\":[{\"@type\":\"WebPage\",\"@id\":\"https:\/\/www.padreeustaquio.com.br\/doar-2\/\",\"url\":\"https:\/\/www.padreeustaquio.com.br\/doar-2\/\",\"name\":\"Doar - Padre Eust\u00e1quio\",\"isPartOf\":{\"@id\":\"https:\/\/www.padreeustaquio.com.br\/#website\"},\"primaryImageOfPage\":{\"@id\":\"https:\/\/www.padreeustaquio.com.br\/doar-2\/#primaryimage\"},\"image\":{\"@id\":\"https:\/\/www.padreeustaquio.com.br\/doar-2\/#primaryimage\"},\"thumbnailUrl\":\"https:\/\/www.padreeustaquio.com.br\/wp-content\/uploads\/2025\/09\/logo-caixa.png\",\"datePublished\":\"2025-09-16T11:07:47+00:00\",\"dateModified\":\"2026-01-19T18:18:06+00:00\",\"breadcrumb\":{\"@id\":\"https:\/\/www.padreeustaquio.com.br\/doar-2\/#breadcrumb\"},\"inLanguage\":\"en-US\",\"potentialAction\":[{\"@type\":\"ReadAction\",\"target\":[\"https:\/\/www.padreeustaquio.com.br\/doar-2\/\"]}]},{\"@type\":\"ImageObject\",\"inLanguage\":\"en-US\",\"@id\":\"https:\/\/www.padreeustaquio.com.br\/doar-2\/#primaryimage\",\"url\":\"https:\/\/www.padreeustaquio.com.br\/wp-content\/uploads\/2025\/09\/logo-caixa.png\",\"contentUrl\":\"https:\/\/www.padreeustaquio.com.br\/wp-content\/uploads\/2025\/09\/logo-caixa.png\"},{\"@type\":\"BreadcrumbList\",\"@id\":\"https:\/\/www.padreeustaquio.com.br\/doar-2\/#breadcrumb\",\"itemListElement\":[{\"@type\":\"ListItem\",\"position\":1,\"name\":\"In\u00edcio\",\"item\":\"https:\/\/www.padreeustaquio.com.br\/\"},{\"@type\":\"ListItem\",\"position\":2,\"name\":\"Doar\"}]},{\"@type\":\"WebSite\",\"@id\":\"https:\/\/www.padreeustaquio.com.br\/#website\",\"url\":\"https:\/\/www.padreeustaquio.com.br\/\",\"name\":\"Padre Eust\u00e1quio\",\"description\":\"Sa\u00fade e Paz\",\"publisher\":{\"@id\":\"https:\/\/www.padreeustaquio.com.br\/#organization\"},\"potentialAction\":[{\"@type\":\"SearchAction\",\"target\":{\"@type\":\"EntryPoint\",\"urlTemplate\":\"https:\/\/www.padreeustaquio.com.br\/?s={search_term_string}\"},\"query-input\":{\"@type\":\"PropertyValueSpecification\",\"valueRequired\":true,\"valueName\":\"search_term_string\"}}],\"inLanguage\":\"en-US\"},{\"@type\":\"Organization\",\"@id\":\"https:\/\/www.padreeustaquio.com.br\/#organization\",\"name\":\"Padre Eust\u00e1quio\",\"url\":\"https:\/\/www.padreeustaquio.com.br\/\",\"logo\":{\"@type\":\"ImageObject\",\"inLanguage\":\"en-US\",\"@id\":\"https:\/\/www.padreeustaquio.com.br\/#\/schema\/logo\/image\/\",\"url\":\"https:\/\/www.padreeustaquio.com.br\/wp-content\/uploads\/2019\/08\/marca.png\",\"contentUrl\":\"https:\/\/www.padreeustaquio.com.br\/wp-content\/uploads\/2019\/08\/marca.png\",\"width\":350,\"height\":400,\"caption\":\"Padre Eust\u00e1quio\"},\"image\":{\"@id\":\"https:\/\/www.padreeustaquio.com.br\/#\/schema\/logo\/image\/\"},\"sameAs\":[\"https:\/\/www.facebook.com\/beatopadreeustaquio\/\",\"https:\/\/x.com\/beatopeustaquio\",\"https:\/\/www.instagram.com\/beatopadreeustaquio\/\",\"https:\/\/www.youtube.com\/channel\/UCRhw7vfabnajwLxb1ZXMeIw\"]}]}<\/script>\n<!-- \/ Yoast SEO plugin. -->","yoast_head_json":{"title":"Donate - Father Eust\u00e1quio","robots":{"index":"index","follow":"follow","max-snippet":"max-snippet:-1","max-image-preview":"max-image-preview:large","max-video-preview":"max-video-preview:-1"},"canonical":"https:\/\/www.padreeustaquio.com.br\/en\/donate-2\/","og_locale":"en_US","og_type":"article","og_title":"Doar - Padre Eust\u00e1quio","og_description":"Entre para a grande fam\u00edlia dos \u201cAmigos do Padre Eust\u00e1quio\u201d. Divulgar a vida e a hist\u00f3ria de Padre Eust\u00e1quio para que mais pessoas conhe\u00e7am este exemplo de vida \u00e9 papel fundamental da Vice-Postula\u00e7\u00e3o da Causa de Canoniza\u00e7\u00e3o. Al\u00e9m de investir nesta divulga\u00e7\u00e3o, o Secretariado Nacional tamb\u00e9m \u00e9 respons\u00e1vel pelo processo de canoniza\u00e7\u00e3o junto \u00e0 Santa S\u00e9. Todas estas atividades e as da A\u00e7\u00e3o Social Padre Eust\u00e1quio, que continua as obras iniciadas e idealizadas pelo Beato\u00a0(como a Creche que leva o nome do Bem-Aventurado e atende atualmente a 260 crian\u00e7as)\u00a0s\u00e3o custeadas por n\u00f3s, por meio da colabora\u00e7\u00e3o e ajuda de toda [&hellip;]","og_url":"https:\/\/www.padreeustaquio.com.br\/en\/donate-2\/","og_site_name":"Padre Eust\u00e1quio","article_publisher":"https:\/\/www.facebook.com\/beatopadreeustaquio\/","article_modified_time":"2026-01-19T18:18:06+00:00","og_image":[{"width":825,"height":209,"url":"https:\/\/www.padreeustaquio.com.br\/wp-content\/uploads\/2025\/09\/logo-caixa.png","type":"image\/png"}],"twitter_card":"summary_large_image","twitter_site":"@beatopeustaquio","twitter_misc":{"Est. reading time":"1 minute"},"schema":{"@context":"https:\/\/schema.org","@graph":[{"@type":"WebPage","@id":"https:\/\/www.padreeustaquio.com.br\/doar-2\/","url":"https:\/\/www.padreeustaquio.com.br\/doar-2\/","name":"Donate - Father Eust\u00e1quio","isPartOf":{"@id":"https:\/\/www.padreeustaquio.com.br\/#website"},"primaryImageOfPage":{"@id":"https:\/\/www.padreeustaquio.com.br\/doar-2\/#primaryimage"},"image":{"@id":"https:\/\/www.padreeustaquio.com.br\/doar-2\/#primaryimage"},"thumbnailUrl":"https:\/\/www.padreeustaquio.com.br\/wp-content\/uploads\/2025\/09\/logo-caixa.png","datePublished":"2025-09-16T11:07:47+00:00","dateModified":"2026-01-19T18:18:06+00:00","breadcrumb":{"@id":"https:\/\/www.padreeustaquio.com.br\/doar-2\/#breadcrumb"},"inLanguage":"en-US","potentialAction":[{"@type":"ReadAction","target":["https:\/\/www.padreeustaquio.com.br\/doar-2\/"]}]},{"@type":"ImageObject","inLanguage":"en-US","@id":"https:\/\/www.padreeustaquio.com.br\/doar-2\/#primaryimage","url":"https:\/\/www.padreeustaquio.com.br\/wp-content\/uploads\/2025\/09\/logo-caixa.png","contentUrl":"https:\/\/www.padreeustaquio.com.br\/wp-content\/uploads\/2025\/09\/logo-caixa.png"},{"@type":"BreadcrumbList","@id":"https:\/\/www.padreeustaquio.com.br\/doar-2\/#breadcrumb","itemListElement":[{"@type":"ListItem","position":1,"name":"In\u00edcio","item":"https:\/\/www.padreeustaquio.com.br\/"},{"@type":"ListItem","position":2,"name":"Doar"}]},{"@type":"WebSite","@id":"https:\/\/www.padreeustaquio.com.br\/#website","url":"https:\/\/www.padreeustaquio.com.br\/","name":"FATHER EUST\u00c1QUIO","description":"Health and Peace","publisher":{"@id":"https:\/\/www.padreeustaquio.com.br\/#organization"},"potentialAction":[{"@type":"SearchAction","target":{"@type":"EntryPoint","urlTemplate":"https:\/\/www.padreeustaquio.com.br\/?s={search_term_string}"},"query-input":{"@type":"PropertyValueSpecification","valueRequired":true,"valueName":"search_term_string"}}],"inLanguage":"en-US"},{"@type":"Organization","@id":"https:\/\/www.padreeustaquio.com.br\/#organization","name":"FATHER EUST\u00c1QUIO","url":"https:\/\/www.padreeustaquio.com.br\/","logo":{"@type":"ImageObject","inLanguage":"en-US","@id":"https:\/\/www.padreeustaquio.com.br\/#\/schema\/logo\/image\/","url":"https:\/\/www.padreeustaquio.com.br\/wp-content\/uploads\/2019\/08\/marca.png","contentUrl":"https:\/\/www.padreeustaquio.com.br\/wp-content\/uploads\/2019\/08\/marca.png","width":350,"height":400,"caption":"Padre Eust\u00e1quio"},"image":{"@id":"https:\/\/www.padreeustaquio.com.br\/#\/schema\/logo\/image\/"},"sameAs":["https:\/\/www.facebook.com\/beatopadreeustaquio\/","https:\/\/x.com\/beatopeustaquio","https:\/\/www.instagram.com\/beatopadreeustaquio\/","https:\/\/www.youtube.com\/channel\/UCRhw7vfabnajwLxb1ZXMeIw"]}]}},"_links":{"self":[{"href":"https:\/\/www.padreeustaquio.com.br\/en\/wp-json\/wp\/v2\/pages\/12250","targetHints":{"allow":["GET"]}}],"collection":[{"href":"https:\/\/www.padreeustaquio.com.br\/en\/wp-json\/wp\/v2\/pages"}],"about":[{"href":"https:\/\/www.padreeustaquio.com.br\/en\/wp-json\/wp\/v2\/types\/page"}],"author":[{"embeddable":true,"href":"https:\/\/www.padreeustaquio.com.br\/en\/wp-json\/wp\/v2\/users\/2"}],"replies":[{"embeddable":true,"href":"https:\/\/www.padreeustaquio.com.br\/en\/wp-json\/wp\/v2\/comments?post=12250"}],"version-history":[{"count":6,"href":"https:\/\/www.padreeustaquio.com.br\/en\/wp-json\/wp\/v2\/pages\/12250\/revisions"}],"predecessor-version":[{"id":13496,"href":"https:\/\/www.padreeustaquio.com.br\/en\/wp-json\/wp\/v2\/pages\/12250\/revisions\/13496"}],"wp:attachment":[{"href":"https:\/\/www.padreeustaquio.com.br\/en\/wp-json\/wp\/v2\/media?parent=12250"}],"curies":[{"name":"wp","href":"https:\/\/api.w.org\/{rel}","templated":true}]}}